{"id":11049,"date":"2020-12-21T06:26:21","date_gmt":"2020-12-21T14:26:21","guid":{"rendered":"http:\/\/fieldroast.com\/about-us\/"},"modified":"2021-01-27T11:00:21","modified_gmt":"2021-01-27T19:00:21","slug":"about-us","status":"publish","type":"page","link":"https:\/\/fieldroast.com\/fr-ca\/about-us\/","title":{"rendered":"\u00c0 Propos de Nous"},"content":{"rendered":"\n<h1 class=\"has-text-align-center wp-block-heading\">\u00c0 PROPOS DE NOUS<\/h1>\n\n\n\n<div class=\"wp-block-columns mt-0 is-layout-flex wp-container-3\">\n<div class=\"wp-block-column is-layout-flow\" style=\"flex-basis:37.5%\"><section class=\"goldyblock fullheight wheat-box\">\r\n    <h2>POUR TOUS LES AVENTURIERS DES SAVEURS<\/h2>\r\n    <div class=\"goldyblock-body\">Pr\u00e9parez-vous \u00e0 transformer vos repas de tous les jours en cr\u00e9ations s\u00e9rieusement d\u00e9licieuses. Avec notre obsession de cr\u00e9er des profils de saveurs audacieux, comme nos saucisses \u00e0 base de plantes au chipotle mexicain piquant et nos fromages sans produits laitiers Chao Creamery ind\u00e9niablement riches et cr\u00e9meux, nous m\u00e9langeons des l\u00e9gumes, des c\u00e9r\u00e9ales, des l\u00e9gumineuses, des fines herbes fra\u00eeches et des \u00e9pices pour cr\u00e9er des aliments \u00e0 base de plantes qui mettent l&#8217;eau \u00e0 la bouche. Nous faisons ressortir des saveurs qui propulsent toutes vos recettes pr\u00e9f\u00e9r\u00e9es \u00e0 un niveau sup\u00e9rieur.<\/div>\r\n    <\/section><\/div>\n\n\n\n<div class=\"wp-block-column match-square-col is-layout-flow\" style=\"flex-basis:67.5%\">\n<figure class=\"wp-block-image size-large\"><img decoding=\"async\" loading=\"lazy\" width=\"2000\" height=\"1186\" data-src=\"https:\/\/fieldroast.com\/wp-content\/uploads\/2021\/01\/Image_AboutUs_1_CA-1.jpg\" alt=\"\" class=\"wp-image-11426 lazyload\" src=\"data:image\/gif;base64,R0lGODlhAQABAAAAACH5BAEKAAEALAAAAAABAAEAAAICTAEAOw==\" style=\"--smush-placeholder-width: 2000px; --smush-placeholder-aspect-ratio: 2000\/1186;\" \/><noscript><img decoding=\"async\" loading=\"lazy\" width=\"2000\" height=\"1186\" src=\"https:\/\/fieldroast.com\/wp-content\/uploads\/2021\/01\/Image_AboutUs_1_CA-1.jpg\" alt=\"\" class=\"wp-image-11426\"\/><\/noscript><\/figure>\n<\/div>\n<\/div>\n\n\n\n<div class=\"wp-block-columns is-layout-flex wp-container-6\">\n<div class=\"wp-block-column match-square-col mobile-drop-order is-layout-flow\" style=\"flex-basis:67.5%\">\n<figure class=\"wp-block-image size-large\"><img decoding=\"async\" loading=\"lazy\" width=\"1024\" height=\"608\" data-src=\"https:\/\/fieldroast.com\/wp-content\/uploads\/2020\/11\/Image_AboutUs_2-3-1024x608.jpg\" alt=\"\" class=\"wp-image-9885 lazyload\" data-srcset=\"https:\/\/b3445130.smushcdn.com\/3445130\/wp-content\/uploads\/2020\/11\/Image_AboutUs_2-3-1024x608.jpg?lossy=1&amp;strip=1&amp;webp=1 1024w, https:\/\/b3445130.smushcdn.com\/3445130\/wp-content\/uploads\/2020\/11\/Image_AboutUs_2-3-300x178.jpg?lossy=1&amp;strip=1&amp;webp=1 300w, https:\/\/b3445130.smushcdn.com\/3445130\/wp-content\/uploads\/2020\/11\/Image_AboutUs_2-3-768x456.jpg?lossy=1&amp;strip=1&amp;webp=1 768w, https:\/\/b3445130.smushcdn.com\/3445130\/wp-content\/uploads\/2020\/11\/Image_AboutUs_2-3-1536x911.jpg?lossy=1&amp;strip=1&amp;webp=1 1536w, https:\/\/b3445130.smushcdn.com\/3445130\/wp-content\/uploads\/2020\/11\/Image_AboutUs_2-3.jpg?lossy=1&amp;strip=1&amp;webp=1 2048w\" data-sizes=\"(max-width: 1024px) 100vw, 1024px\" src=\"data:image\/gif;base64,R0lGODlhAQABAAAAACH5BAEKAAEALAAAAAABAAEAAAICTAEAOw==\" style=\"--smush-placeholder-width: 1024px; --smush-placeholder-aspect-ratio: 1024\/608;\" \/><noscript><img decoding=\"async\" loading=\"lazy\" width=\"1024\" height=\"608\" src=\"https:\/\/fieldroast.com\/wp-content\/uploads\/2020\/11\/Image_AboutUs_2-3-1024x608.jpg\" alt=\"\" class=\"wp-image-9885\" srcset=\"https:\/\/b3445130.smushcdn.com\/3445130\/wp-content\/uploads\/2020\/11\/Image_AboutUs_2-3-1024x608.jpg?lossy=1&amp;strip=1&amp;webp=1 1024w, https:\/\/b3445130.smushcdn.com\/3445130\/wp-content\/uploads\/2020\/11\/Image_AboutUs_2-3-300x178.jpg?lossy=1&amp;strip=1&amp;webp=1 300w, https:\/\/b3445130.smushcdn.com\/3445130\/wp-content\/uploads\/2020\/11\/Image_AboutUs_2-3-768x456.jpg?lossy=1&amp;strip=1&amp;webp=1 768w, https:\/\/b3445130.smushcdn.com\/3445130\/wp-content\/uploads\/2020\/11\/Image_AboutUs_2-3-1536x911.jpg?lossy=1&amp;strip=1&amp;webp=1 1536w, https:\/\/b3445130.smushcdn.com\/3445130\/wp-content\/uploads\/2020\/11\/Image_AboutUs_2-3.jpg?lossy=1&amp;strip=1&amp;webp=1 2048w\" sizes=\"(max-width: 1024px) 100vw, 1024px\" \/><\/noscript><\/figure>\n<\/div>\n\n\n\n<div class=\"wp-block-column is-layout-flow\" style=\"flex-basis:37.5%\"><section class=\"goldyblock fullheight wheat-box\">\r\n    <h2>UNIS DANS LE PLAISIR DES SAVEURS<\/h2>\r\n    <div class=\"goldyblock-body\">Des gourmands aux grands chefs, nous sommes une communaut\u00e9 de cr\u00e9ateurs de saveurs passionn\u00e9s. Nous croyons que les plus fins plaisirs de la vie ont une saveur qui vaut la peine d&#8217;\u00eatre d\u00e9couverte et nous sommes l\u00e0 pour inspirer des recettes qui rassemblent les gens. Notre d\u00e9sir de cr\u00e9er des exp\u00e9riences sensorielles authentiques et d&#8217;honorer nos racines culinaires nous pousse \u00e0 cr\u00e9er toutes les saveurs dont les gens ont toujours r\u00eav\u00e9. Nous vous encourageons \u00e0 partager ce qui vous inspire car nos produits \u00e9voquent des sentiments puissants &#8211; nostalgiques et nouveaux &#8211; de mani\u00e8re courageusement d\u00e9licieuse.<\/div>\r\n    <\/section><\/div>\n<\/div>\n\n\n\n<div class=\"wp-block-columns is-layout-flex wp-container-9\">\n<div class=\"wp-block-column is-layout-flow\" style=\"flex-basis:37.5%\"><section class=\"goldyblock fullheight wheat-box\">\r\n    <h2>ENRACIN\u00c9 DANS L&#8217;INDULGENCE<\/h2>\r\n    <div class=\"goldyblock-body\">Il y a plus de vingt ans, nos origines ont commenc\u00e9 \u00e0 Seattle, sous la direction d&#8217;un chef. En associant les m\u00e9thodes de fabrication de charcuteries europ\u00e9ennes et les traditions mien ching asiatiques pour \u00e9laborer des viandes et des fromages \u00e0 base de plantes \u00e0 partir de c\u00e9r\u00e9ales, de l\u00e9gumes frais coup\u00e9s, de fines herbes et d&#8217;\u00e9pices, nous avons mis au point un processus gagnant qui a ouvert la voie \u00e0 tous les aliments s\u00e9duisants et d\u00e9licieux que nous continuons \u00e0 cr\u00e9er aujourd&#8217;hui.<\/div>\r\n    <\/section><\/div>\n\n\n\n<div class=\"wp-block-column is-layout-flow\" style=\"flex-basis:67.5%\">\n<div class=\"goldyblock\">\n<h4 class=\"timeline-head\">TIMELINE<\/h4>\n<ul class=\"timeline\">\n<li><strong>1997<\/strong>\n<p>La soci\u00e9t\u00e9 Field Roast Grains Meat Company est fond\u00e9e \u00e0 Seattle. Les premiers produits sont trois pains de simili-viande originaux : tomates fum\u00e9es, lentilles \u00e0 la sauge et champignons sauvages. Vendus en magasin dans le comptoir de charcuterie d&#8217;une coop\u00e9rative locale.<\/p>\n<\/li>\n<li><strong>2005<\/strong>\n<p>D\u00e9m\u00e9nagement dans le premier \u00e9tablissement, situ\u00e9 sur la rue Angelo \u00e0 Georgetown, un quartier industriel au sud du centre-ville de Seattle. 2 000 pieds carr\u00e9s, moins de 5 employ\u00e9s.<\/p>\n<\/li>\n<li><strong>2005<\/strong>\n<p>Notre offre de produits s&#8217;\u00e9tend aux saucisses &#8211; saucisses fum\u00e9es aux pommes et \u00e0 la sauge, saucisses italiennes et au chipotle mexicain, gagnantes des prix de PETA.<\/p>\n<\/li>\n<li><strong>2008<\/strong>\n<p>Notre si\u00e8ge social d\u00e9m\u00e9nage au 1440 rue Jackson South; avec une toute nouvelle cuisine de production, un entrep\u00f4t et des bureaux sous un m\u00eame toit pour mieux r\u00e9pondre \u00e0 notre popularit\u00e9 croissante.&nbsp;<\/p>\n<\/li>\n<li><strong>2010<\/strong>\n<p>Une nouvelle tradition des f\u00eates arrive dans les \u00e9piceries, le r\u00f4ti aux noisettes et aux canneberges, envelopp\u00e9 dans une p\u00e2te feuillet\u00e9e v\u00e9g\u00e9talienne.&nbsp;<\/p>\n<\/li>\n<li><strong>2011<\/strong>\n<p>La simili-saucisse fum\u00e9e est cr\u00e9\u00e9e et figure pour la premi\u00e8re fois au menu du stade des Mariners.<\/p>\n<\/li>\n<li><strong>2013<\/strong>\n<p>Notre simili-burger FieldBurger juteux (maintenant appel\u00e9 Burger \u00e0 base de plantes Signature du Chef) fait son apparition sur le march\u00e9; il est pr\u00e9sent\u00e9 dans les stades de base-ball et de football de tout le pays.<\/p>\n<\/li>\n<li><strong>2014<\/strong>\n<p>Notre si\u00e8ge social d\u00e9m\u00e9nage dans un b\u00e2timent de 40 000 pieds carr\u00e9s \u00e0 moins de 5 km de la rue Jackson, r\u00e9nov\u00e9 pour le d\u00e9veloppement et la production de toutes nos offres audacieuses et de notre activit\u00e9 croissante.<\/p>\n<\/li>\n<\/ul>\n<ul class=\"timeline\">\n<li><strong>2015<\/strong>\n<p>Nous avons remport\u00e9 le prix de l&#8217;entreprise de l&#8217;ann\u00e9e de VegNews.<\/p>\n<\/li>\n<li><strong>2017<\/strong>\n<p><span data-contrast=\"auto\">Field Roast f\u00eate son 20e anniversaire et offre son premier livre de recettes.&nbsp;<\/span><\/p>\n<\/li>\n<li><strong>2018<\/strong>\n<p><span data-contrast=\"auto\">Les Aliments Maple Leaf acquiert Field Roast pour inspirer la croissance de mani\u00e8re passionnante.&nbsp;<\/span><\/p>\n<\/li>\n<\/ul>\n<\/div>\n<\/div>\n<\/div>\n\n\n\n<div class=\"wp-block-columns is-layout-flex wp-container-12\">\n<div class=\"wp-block-column match-square-col mobile-drop-order is-layout-flow\" style=\"flex-basis:67.5%\">\n<figure class=\"wp-block-image size-large\"><img decoding=\"async\" loading=\"lazy\" width=\"1024\" height=\"607\" data-src=\"https:\/\/fieldroast.com\/wp-content\/uploads\/2020\/10\/Image_AboutUs_3-1024x607.jpg\" alt=\"\" class=\"wp-image-8638 lazyload\" data-srcset=\"https:\/\/b3445130.smushcdn.com\/3445130\/wp-content\/uploads\/2020\/10\/Image_AboutUs_3-1024x607.jpg?lossy=1&amp;strip=1&amp;webp=1 1024w, https:\/\/b3445130.smushcdn.com\/3445130\/wp-content\/uploads\/2020\/10\/Image_AboutUs_3-300x178.jpg?lossy=1&amp;strip=1&amp;webp=1 300w, https:\/\/b3445130.smushcdn.com\/3445130\/wp-content\/uploads\/2020\/10\/Image_AboutUs_3-768x455.jpg?lossy=1&amp;strip=1&amp;webp=1 768w, https:\/\/b3445130.smushcdn.com\/3445130\/wp-content\/uploads\/2020\/10\/Image_AboutUs_3.jpg?lossy=1&amp;strip=1&amp;webp=1 1118w\" data-sizes=\"(max-width: 1024px) 100vw, 1024px\" src=\"data:image\/gif;base64,R0lGODlhAQABAAAAACH5BAEKAAEALAAAAAABAAEAAAICTAEAOw==\" style=\"--smush-placeholder-width: 1024px; --smush-placeholder-aspect-ratio: 1024\/607;\" \/><noscript><img decoding=\"async\" loading=\"lazy\" width=\"1024\" height=\"607\" src=\"https:\/\/fieldroast.com\/wp-content\/uploads\/2020\/10\/Image_AboutUs_3-1024x607.jpg\" alt=\"\" class=\"wp-image-8638\" srcset=\"https:\/\/b3445130.smushcdn.com\/3445130\/wp-content\/uploads\/2020\/10\/Image_AboutUs_3-1024x607.jpg?lossy=1&amp;strip=1&amp;webp=1 1024w, https:\/\/b3445130.smushcdn.com\/3445130\/wp-content\/uploads\/2020\/10\/Image_AboutUs_3-300x178.jpg?lossy=1&amp;strip=1&amp;webp=1 300w, https:\/\/b3445130.smushcdn.com\/3445130\/wp-content\/uploads\/2020\/10\/Image_AboutUs_3-768x455.jpg?lossy=1&amp;strip=1&amp;webp=1 768w, https:\/\/b3445130.smushcdn.com\/3445130\/wp-content\/uploads\/2020\/10\/Image_AboutUs_3.jpg?lossy=1&amp;strip=1&amp;webp=1 1118w\" sizes=\"(max-width: 1024px) 100vw, 1024px\" \/><\/noscript><\/figure>\n\n\n\n<a href=\"https:\/\/fieldroast.com\/fr-ca\/carbonneutral\/\" class=\"d-md-none goldyblock-link\">Learn More<\/a>\n<\/div>\n\n\n\n<div class=\"wp-block-column squared is-layout-flow\" style=\"flex-basis:37.5%\"><section class=\"goldyblock fullheight subdued\">\r\n    <h2>NOTRE PROMESSE DE NEUTRALIT\u00c9 CARBONE<\/h2>\r\n    <div class=\"goldyblock-body\">Sans une plan\u00e8te saine, nous ne serions pas en mesure de fournir la nourriture riche et d\u00e9licieuse que nous aimons cr\u00e9er chaque jour. C&#8217;est pourquoi notre volont\u00e9 de garder notre plan\u00e8te heureuse est tout aussi audacieuse que nos saveurs. D\u00e9couvrez comment nous avons r\u00e9duit nos \u00e9missions de gaz \u00e0 effet de serre et neutralisons les \u00e9missions restantes in\u00e9vitables, en am\u00e9liorant nos activit\u00e9s et en investissant dans des projets pour faire de ce monde un endroit meilleur. <\/div>\r\n            <a href=\"https:\/\/fieldroast.com\/fr-ca\/carbonneutral\/\" class=\"goldyblock-cta tran3s\"aria-label=\"POUR EN SAVOIR DAVANTAGE\">POUR EN SAVOIR DAVANTAGE<\/a>\r\n    <\/section><\/div>\n<\/div>\n<!-- AddThis Advanced Settings generic via filter on the_content --><!-- AddThis Share Buttons generic via filter on the_content -->","protected":false},"excerpt":{"rendered":"<p>\u00c0 PROPOS DE NOUS TIMELINE 1997 La soci\u00e9t\u00e9 Field Roast Grains Meat Company est fond\u00e9e \u00e0 Seattle. Les premiers produits sont trois pains de simili-viande originaux : tomates fum\u00e9es, lentilles \u00e0 la sauge et champignons sauvages. Vendus en magasin dans le comptoir de charcuterie d&#8217;une coop\u00e9rative locale. 2005 D\u00e9m\u00e9nagement dans le premier \u00e9tablissement, situ\u00e9 sur [&hellip;]<!-- AddThis Advanced Settings generic via filter on get_the_excerpt --><!-- AddThis Share Buttons generic via filter on get_the_excerpt --><\/p>\n","protected":false},"author":55,"featured_media":0,"parent":0,"menu_order":0,"comment_status":"closed","ping_status":"closed","template":"template-pages\/page-header-page.php","meta":{"inline_featured_image":false,"yasr_overall_rating":0,"yasr_post_is_review":"","yasr_auto_insert_disabled":"","yasr_review_type":""},"yasr_visitor_votes":{"stars_attributes":{"read_only":false,"span_bottom":false},"number_of_votes":0,"sum_votes":0},"acf":[],"_links":{"self":[{"href":"https:\/\/fieldroast.com\/fr-ca\/wp-json\/wp\/v2\/pages\/11049"}],"collection":[{"href":"https:\/\/fieldroast.com\/fr-ca\/wp-json\/wp\/v2\/pages"}],"about":[{"href":"https:\/\/fieldroast.com\/fr-ca\/wp-json\/wp\/v2\/types\/page"}],"author":[{"embeddable":true,"href":"https:\/\/fieldroast.com\/fr-ca\/wp-json\/wp\/v2\/users\/55"}],"replies":[{"embeddable":true,"href":"https:\/\/fieldroast.com\/fr-ca\/wp-json\/wp\/v2\/comments?post=11049"}],"version-history":[{"count":6,"href":"https:\/\/fieldroast.com\/fr-ca\/wp-json\/wp\/v2\/pages\/11049\/revisions"}],"predecessor-version":[{"id":11429,"href":"https:\/\/fieldroast.com\/fr-ca\/wp-json\/wp\/v2\/pages\/11049\/revisions\/11429"}],"wp:attachment":[{"href":"https:\/\/fieldroast.com\/fr-ca\/wp-json\/wp\/v2\/media?parent=11049"}],"curies":[{"name":"wp","href":"https:\/\/api.w.org\/{rel}","templated":true}]}}