{"id":11073,"date":"2020-09-09T12:23:58","date_gmt":"2020-09-09T19:23:58","guid":{"rendered":"http:\/\/fieldroast.com\/carbonneutral\/"},"modified":"2025-05-22T15:59:13","modified_gmt":"2025-05-22T20:59:13","slug":"carbonneutral","status":"publish","type":"page","link":"https:\/\/fieldroast.com\/fr-ca\/carbonneutral\/","title":{"rendered":"Neutralit\u00e9 Carbone"},"content":{"rendered":"\n<h1 class=\"wp-block-heading has-text-align-center\">QU&#8217;EST-CE QUE LA NEUTRALIT\u00c9 CARBONE?<\/h1>\n\n\n\n<figure class=\"wp-block-image size-large is-resized col-xl-10 col-xxxl-8 col-centered\"><img decoding=\"async\" loading=\"lazy\" data-src=\"https:\/\/fieldroast.com\/wp-content\/uploads\/2020\/10\/CarbonNeutral_Image-1024x515.jpg\" alt=\"\" class=\"wp-image-8457 lazyload\" width=\"1062\" height=\"533\" data-srcset=\"https:\/\/b3445130.smushcdn.com\/3445130\/wp-content\/uploads\/2020\/10\/CarbonNeutral_Image-1024x515.jpg?lossy=1&amp;strip=1&amp;webp=1 1024w, https:\/\/b3445130.smushcdn.com\/3445130\/wp-content\/uploads\/2020\/10\/CarbonNeutral_Image-300x151.jpg?lossy=1&amp;strip=1&amp;webp=1 300w, https:\/\/b3445130.smushcdn.com\/3445130\/wp-content\/uploads\/2020\/10\/CarbonNeutral_Image-768x386.jpg?lossy=1&amp;strip=1&amp;webp=1 768w, https:\/\/b3445130.smushcdn.com\/3445130\/wp-content\/uploads\/2020\/10\/CarbonNeutral_Image.jpg?lossy=1&amp;strip=1&amp;webp=1 1193w\" data-sizes=\"(max-width: 1062px) 100vw, 1062px\" src=\"data:image\/gif;base64,R0lGODlhAQABAAAAACH5BAEKAAEALAAAAAABAAEAAAICTAEAOw==\" style=\"--smush-placeholder-width: 1062px; --smush-placeholder-aspect-ratio: 1062\/533;\" \/><noscript><img decoding=\"async\" loading=\"lazy\" src=\"https:\/\/fieldroast.com\/wp-content\/uploads\/2020\/10\/CarbonNeutral_Image-1024x515.jpg\" alt=\"\" class=\"wp-image-8457\" width=\"1062\" height=\"533\" srcset=\"https:\/\/b3445130.smushcdn.com\/3445130\/wp-content\/uploads\/2020\/10\/CarbonNeutral_Image-1024x515.jpg?lossy=1&amp;strip=1&amp;webp=1 1024w, https:\/\/b3445130.smushcdn.com\/3445130\/wp-content\/uploads\/2020\/10\/CarbonNeutral_Image-300x151.jpg?lossy=1&amp;strip=1&amp;webp=1 300w, https:\/\/b3445130.smushcdn.com\/3445130\/wp-content\/uploads\/2020\/10\/CarbonNeutral_Image-768x386.jpg?lossy=1&amp;strip=1&amp;webp=1 768w, https:\/\/b3445130.smushcdn.com\/3445130\/wp-content\/uploads\/2020\/10\/CarbonNeutral_Image.jpg?lossy=1&amp;strip=1&amp;webp=1 1193w\" sizes=\"(max-width: 1062px) 100vw, 1062px\" \/><\/noscript><\/figure>\n\n\n\n<p class=\"has-text-align-left col-xl-10 col-xxxl-8 col-centered\">La neutralit\u00e9 carbone est obtenue en \u00e9vitant et en r\u00e9duisant toutes les \u00e9missions de carbone, et en compensant toutes les \u00e9missions restantes in\u00e9vitables par des projets de r\u00e9duction des \u00e9missions v\u00e9rifi\u00e9s et par de l\u2019\u00e9nergie propre et renouvelable.<\/p>\n\n\n\n<div class=\"wp-block-group col-xl-10 col-xxxl-8 col-centered top-lined is-layout-flow\"><div class=\"wp-block-group__inner-container\">\n<h3 class=\"wp-block-heading has-text-align-left\">UNE MEILLEURE PLAN\u00c8TE<\/h3>\n\n\n\n<p class=\"has-text-align-left\">Nous sommes fiers d\u2019\u00eatre carboneutres. Dans notre qu\u00eate pour am\u00e9liorer le sort de la plan\u00e8te, nous r\u00e9duisons \u00e9nergiquement nos \u00e9missions de gaz \u00e0 effet de serre et investissons dans des projets environnementaux \u00e0 fort impact pour neutraliser les \u00e9missions restantes et actuellement in\u00e9vitables. D\u2019ici 2025, nous voulons r\u00e9duire l\u2019intensit\u00e9 de notre empreinte environnementale de 50 % et, d\u2019ici 2030, nos \u00e9missions absolues de carbone de 30 %, afin de continuer \u00e0 pr\u00e9parer des aliments app\u00e9tissants tout en prenant soin de la plan\u00e8te.<\/p>\n<\/div><\/div>\n\n\n\n<div class=\"wp-block-group col-xl-10 col-xxxl-8 col-centered top-lined is-layout-flow\"><div class=\"wp-block-group__inner-container\">\n<h3 class=\"wp-block-heading has-text-align-left\"><strong>Comment am\u00e9liorons-nous nos activit\u00e9s?<\/strong><\/h3>\n\n\n\n<p class=\"has-text-align-left\">Pour atteindre notre objectif d\u2019empreinte carbone z\u00e9ro, nous travaillons continuellement sur des projets qui r\u00e9duisent notre empreinte environnementale en mettant l\u2019accent sur :<\/p>\n\n\n\n<div class=\"wp-block-group is-content-justification-center is-layout-flex wp-container-7\">\n<p class=\"has-text-align-center wp-container-content-2\"><strong>L\u2019\u00e9lectricit\u00e9<\/strong><\/p>\n\n\n\n<p class=\"has-text-align-center wp-container-content-3\"><strong><strong>Le gaz naturel<\/strong><\/strong><\/p>\n\n\n\n<p class=\"has-text-align-center wp-container-content-4\"><strong><strong><strong>L\u2019eau<\/strong><\/strong><\/strong><\/p>\n\n\n\n<p class=\"has-text-align-center wp-container-content-5\"><strong><strong><strong><strong>Les d\u00e9chets solides<\/strong><\/strong><\/strong><\/strong><\/p>\n\n\n\n<p class=\"has-text-align-center wp-container-content-6\"><strong><strong><strong><strong><strong>Gaspillage alimentaire<\/strong><\/strong><\/strong><\/strong><\/strong><\/p>\n<\/div>\n\n\n\n<div style=\"height:15px\" aria-hidden=\"true\" class=\"wp-block-spacer\"><\/div>\n\n\n\n<div class=\"wp-block-columns energy-grid is-layout-flex wp-container-12\">\n<div class=\"wp-block-column is-layout-flow\">\n<figure class=\"wp-block-image size-large\"><img decoding=\"async\" loading=\"lazy\" width=\"1024\" height=\"1024\" data-src=\"https:\/\/fieldroast.com\/wp-content\/uploads\/2020\/11\/Image_CarbonNeutral_Electricity-1024x1024.jpg\" alt=\"\" class=\"wp-image-9941 lazyload\" data-srcset=\"https:\/\/b3445130.smushcdn.com\/3445130\/wp-content\/uploads\/2020\/11\/Image_CarbonNeutral_Electricity-1024x1024.jpg?lossy=1&amp;strip=1&amp;webp=1 1024w, https:\/\/b3445130.smushcdn.com\/3445130\/wp-content\/uploads\/2020\/11\/Image_CarbonNeutral_Electricity-300x300.jpg?lossy=1&amp;strip=1&amp;webp=1 300w, https:\/\/b3445130.smushcdn.com\/3445130\/wp-content\/uploads\/2020\/11\/Image_CarbonNeutral_Electricity-150x150.jpg?lossy=1&amp;strip=1&amp;webp=1 150w, https:\/\/b3445130.smushcdn.com\/3445130\/wp-content\/uploads\/2020\/11\/Image_CarbonNeutral_Electricity-768x768.jpg?lossy=1&amp;strip=1&amp;webp=1 768w, https:\/\/b3445130.smushcdn.com\/3445130\/wp-content\/uploads\/2020\/11\/Image_CarbonNeutral_Electricity.jpg?lossy=1&amp;strip=1&amp;webp=1 1350w\" data-sizes=\"(max-width: 1024px) 100vw, 1024px\" src=\"data:image\/gif;base64,R0lGODlhAQABAAAAACH5BAEKAAEALAAAAAABAAEAAAICTAEAOw==\" style=\"--smush-placeholder-width: 1024px; --smush-placeholder-aspect-ratio: 1024\/1024;\" \/><noscript><img decoding=\"async\" loading=\"lazy\" width=\"1024\" height=\"1024\" src=\"https:\/\/fieldroast.com\/wp-content\/uploads\/2020\/11\/Image_CarbonNeutral_Electricity-1024x1024.jpg\" alt=\"\" class=\"wp-image-9941\" srcset=\"https:\/\/b3445130.smushcdn.com\/3445130\/wp-content\/uploads\/2020\/11\/Image_CarbonNeutral_Electricity-1024x1024.jpg?lossy=1&amp;strip=1&amp;webp=1 1024w, https:\/\/b3445130.smushcdn.com\/3445130\/wp-content\/uploads\/2020\/11\/Image_CarbonNeutral_Electricity-300x300.jpg?lossy=1&amp;strip=1&amp;webp=1 300w, https:\/\/b3445130.smushcdn.com\/3445130\/wp-content\/uploads\/2020\/11\/Image_CarbonNeutral_Electricity-150x150.jpg?lossy=1&amp;strip=1&amp;webp=1 150w, https:\/\/b3445130.smushcdn.com\/3445130\/wp-content\/uploads\/2020\/11\/Image_CarbonNeutral_Electricity-768x768.jpg?lossy=1&amp;strip=1&amp;webp=1 768w, https:\/\/b3445130.smushcdn.com\/3445130\/wp-content\/uploads\/2020\/11\/Image_CarbonNeutral_Electricity.jpg?lossy=1&amp;strip=1&amp;webp=1 1350w\" sizes=\"(max-width: 1024px) 100vw, 1024px\" \/><\/noscript><\/figure>\n<\/div>\n\n\n\n<div class=\"wp-block-column is-layout-flow\">\n<figure class=\"wp-block-image size-large\"><img decoding=\"async\" loading=\"lazy\" width=\"1024\" height=\"1024\" data-src=\"https:\/\/fieldroast.com\/wp-content\/uploads\/2020\/11\/Image_CarbonNeutral_NaturalGas-1024x1024.jpg\" alt=\"\" class=\"wp-image-9943 lazyload\" data-srcset=\"https:\/\/b3445130.smushcdn.com\/3445130\/wp-content\/uploads\/2020\/11\/Image_CarbonNeutral_NaturalGas-1024x1024.jpg?lossy=1&amp;strip=1&amp;webp=1 1024w, https:\/\/b3445130.smushcdn.com\/3445130\/wp-content\/uploads\/2020\/11\/Image_CarbonNeutral_NaturalGas-300x300.jpg?lossy=1&amp;strip=1&amp;webp=1 300w, https:\/\/b3445130.smushcdn.com\/3445130\/wp-content\/uploads\/2020\/11\/Image_CarbonNeutral_NaturalGas-150x150.jpg?lossy=1&amp;strip=1&amp;webp=1 150w, https:\/\/b3445130.smushcdn.com\/3445130\/wp-content\/uploads\/2020\/11\/Image_CarbonNeutral_NaturalGas-768x768.jpg?lossy=1&amp;strip=1&amp;webp=1 768w, https:\/\/b3445130.smushcdn.com\/3445130\/wp-content\/uploads\/2020\/11\/Image_CarbonNeutral_NaturalGas.jpg?lossy=1&amp;strip=1&amp;webp=1 1350w\" data-sizes=\"(max-width: 1024px) 100vw, 1024px\" src=\"data:image\/gif;base64,R0lGODlhAQABAAAAACH5BAEKAAEALAAAAAABAAEAAAICTAEAOw==\" style=\"--smush-placeholder-width: 1024px; --smush-placeholder-aspect-ratio: 1024\/1024;\" \/><noscript><img decoding=\"async\" loading=\"lazy\" width=\"1024\" height=\"1024\" src=\"https:\/\/fieldroast.com\/wp-content\/uploads\/2020\/11\/Image_CarbonNeutral_NaturalGas-1024x1024.jpg\" alt=\"\" class=\"wp-image-9943\" srcset=\"https:\/\/b3445130.smushcdn.com\/3445130\/wp-content\/uploads\/2020\/11\/Image_CarbonNeutral_NaturalGas-1024x1024.jpg?lossy=1&amp;strip=1&amp;webp=1 1024w, https:\/\/b3445130.smushcdn.com\/3445130\/wp-content\/uploads\/2020\/11\/Image_CarbonNeutral_NaturalGas-300x300.jpg?lossy=1&amp;strip=1&amp;webp=1 300w, https:\/\/b3445130.smushcdn.com\/3445130\/wp-content\/uploads\/2020\/11\/Image_CarbonNeutral_NaturalGas-150x150.jpg?lossy=1&amp;strip=1&amp;webp=1 150w, https:\/\/b3445130.smushcdn.com\/3445130\/wp-content\/uploads\/2020\/11\/Image_CarbonNeutral_NaturalGas-768x768.jpg?lossy=1&amp;strip=1&amp;webp=1 768w, https:\/\/b3445130.smushcdn.com\/3445130\/wp-content\/uploads\/2020\/11\/Image_CarbonNeutral_NaturalGas.jpg?lossy=1&amp;strip=1&amp;webp=1 1350w\" sizes=\"(max-width: 1024px) 100vw, 1024px\" \/><\/noscript><\/figure>\n<\/div>\n\n\n\n<div class=\"wp-block-column is-layout-flow\">\n<figure class=\"wp-block-image size-large\"><img decoding=\"async\" loading=\"lazy\" width=\"1024\" height=\"1024\" data-src=\"https:\/\/fieldroast.com\/wp-content\/uploads\/2020\/11\/Image_CarbonNeutral_Water-1024x1024.jpg\" alt=\"\" class=\"wp-image-9947 lazyload\" data-srcset=\"https:\/\/b3445130.smushcdn.com\/3445130\/wp-content\/uploads\/2020\/11\/Image_CarbonNeutral_Water-1024x1024.jpg?lossy=1&amp;strip=1&amp;webp=1 1024w, https:\/\/b3445130.smushcdn.com\/3445130\/wp-content\/uploads\/2020\/11\/Image_CarbonNeutral_Water-300x300.jpg?lossy=1&amp;strip=1&amp;webp=1 300w, https:\/\/b3445130.smushcdn.com\/3445130\/wp-content\/uploads\/2020\/11\/Image_CarbonNeutral_Water-150x150.jpg?lossy=1&amp;strip=1&amp;webp=1 150w, https:\/\/b3445130.smushcdn.com\/3445130\/wp-content\/uploads\/2020\/11\/Image_CarbonNeutral_Water-768x768.jpg?lossy=1&amp;strip=1&amp;webp=1 768w, https:\/\/b3445130.smushcdn.com\/3445130\/wp-content\/uploads\/2020\/11\/Image_CarbonNeutral_Water.jpg?lossy=1&amp;strip=1&amp;webp=1 1350w\" data-sizes=\"(max-width: 1024px) 100vw, 1024px\" src=\"data:image\/gif;base64,R0lGODlhAQABAAAAACH5BAEKAAEALAAAAAABAAEAAAICTAEAOw==\" style=\"--smush-placeholder-width: 1024px; --smush-placeholder-aspect-ratio: 1024\/1024;\" \/><noscript><img decoding=\"async\" loading=\"lazy\" width=\"1024\" height=\"1024\" src=\"https:\/\/fieldroast.com\/wp-content\/uploads\/2020\/11\/Image_CarbonNeutral_Water-1024x1024.jpg\" alt=\"\" class=\"wp-image-9947\" srcset=\"https:\/\/b3445130.smushcdn.com\/3445130\/wp-content\/uploads\/2020\/11\/Image_CarbonNeutral_Water-1024x1024.jpg?lossy=1&amp;strip=1&amp;webp=1 1024w, https:\/\/b3445130.smushcdn.com\/3445130\/wp-content\/uploads\/2020\/11\/Image_CarbonNeutral_Water-300x300.jpg?lossy=1&amp;strip=1&amp;webp=1 300w, https:\/\/b3445130.smushcdn.com\/3445130\/wp-content\/uploads\/2020\/11\/Image_CarbonNeutral_Water-150x150.jpg?lossy=1&amp;strip=1&amp;webp=1 150w, https:\/\/b3445130.smushcdn.com\/3445130\/wp-content\/uploads\/2020\/11\/Image_CarbonNeutral_Water-768x768.jpg?lossy=1&amp;strip=1&amp;webp=1 768w, https:\/\/b3445130.smushcdn.com\/3445130\/wp-content\/uploads\/2020\/11\/Image_CarbonNeutral_Water.jpg?lossy=1&amp;strip=1&amp;webp=1 1350w\" sizes=\"(max-width: 1024px) 100vw, 1024px\" \/><\/noscript><\/figure>\n<\/div>\n\n\n\n<div class=\"wp-block-column is-layout-flow\">\n<figure class=\"wp-block-image size-large\"><img decoding=\"async\" loading=\"lazy\" width=\"1024\" height=\"1024\" data-src=\"https:\/\/fieldroast.com\/wp-content\/uploads\/2020\/11\/Image_CarbonNeutral_SolidWaste-1024x1024.jpg\" alt=\"\" class=\"wp-image-9945 lazyload\" data-srcset=\"https:\/\/b3445130.smushcdn.com\/3445130\/wp-content\/uploads\/2020\/11\/Image_CarbonNeutral_SolidWaste-1024x1024.jpg?lossy=1&amp;strip=1&amp;webp=1 1024w, https:\/\/b3445130.smushcdn.com\/3445130\/wp-content\/uploads\/2020\/11\/Image_CarbonNeutral_SolidWaste-300x300.jpg?lossy=1&amp;strip=1&amp;webp=1 300w, https:\/\/b3445130.smushcdn.com\/3445130\/wp-content\/uploads\/2020\/11\/Image_CarbonNeutral_SolidWaste-150x150.jpg?lossy=1&amp;strip=1&amp;webp=1 150w, https:\/\/b3445130.smushcdn.com\/3445130\/wp-content\/uploads\/2020\/11\/Image_CarbonNeutral_SolidWaste-768x768.jpg?lossy=1&amp;strip=1&amp;webp=1 768w, https:\/\/b3445130.smushcdn.com\/3445130\/wp-content\/uploads\/2020\/11\/Image_CarbonNeutral_SolidWaste.jpg?lossy=1&amp;strip=1&amp;webp=1 1350w\" data-sizes=\"(max-width: 1024px) 100vw, 1024px\" src=\"data:image\/gif;base64,R0lGODlhAQABAAAAACH5BAEKAAEALAAAAAABAAEAAAICTAEAOw==\" style=\"--smush-placeholder-width: 1024px; --smush-placeholder-aspect-ratio: 1024\/1024;\" \/><noscript><img decoding=\"async\" loading=\"lazy\" width=\"1024\" height=\"1024\" src=\"https:\/\/fieldroast.com\/wp-content\/uploads\/2020\/11\/Image_CarbonNeutral_SolidWaste-1024x1024.jpg\" alt=\"\" class=\"wp-image-9945\" srcset=\"https:\/\/b3445130.smushcdn.com\/3445130\/wp-content\/uploads\/2020\/11\/Image_CarbonNeutral_SolidWaste-1024x1024.jpg?lossy=1&amp;strip=1&amp;webp=1 1024w, https:\/\/b3445130.smushcdn.com\/3445130\/wp-content\/uploads\/2020\/11\/Image_CarbonNeutral_SolidWaste-300x300.jpg?lossy=1&amp;strip=1&amp;webp=1 300w, https:\/\/b3445130.smushcdn.com\/3445130\/wp-content\/uploads\/2020\/11\/Image_CarbonNeutral_SolidWaste-150x150.jpg?lossy=1&amp;strip=1&amp;webp=1 150w, https:\/\/b3445130.smushcdn.com\/3445130\/wp-content\/uploads\/2020\/11\/Image_CarbonNeutral_SolidWaste-768x768.jpg?lossy=1&amp;strip=1&amp;webp=1 768w, https:\/\/b3445130.smushcdn.com\/3445130\/wp-content\/uploads\/2020\/11\/Image_CarbonNeutral_SolidWaste.jpg?lossy=1&amp;strip=1&amp;webp=1 1350w\" sizes=\"(max-width: 1024px) 100vw, 1024px\" \/><\/noscript><\/figure>\n<\/div>\n<\/div>\n<\/div><\/div>\n\n\n\n<div class=\"wp-block-group col-xl-10 col-xxxl-8 col-centered top-lined is-layout-flow\"><div class=\"wp-block-group__inner-container\">\n<h3 class=\"wp-block-heading has-text-align-left\">ENSEMBLE, POUR L\u2019AVENIR DE LA PLAN\u00c8TE<\/h3>\n\n\n\n<p class=\"has-text-align-left\">Field RoastMC est fi\u00e8re de faire partie de la famille Greenleaf Foods. Ensemble, nous investissons dans divers projets :<\/p>\n\n\n\n<div class=\"wp-block-columns is-layout-flex wp-container-16\">\n<div class=\"wp-block-column is-layout-flow\" style=\"flex-basis:25%\">\n<figure class=\"wp-block-image size-full carbonneutral-logo\"><img decoding=\"async\" loading=\"lazy\" width=\"930\" height=\"640\" data-src=\"https:\/\/fieldroast.com\/wp-content\/uploads\/2025\/05\/indigo-1.png\" alt=\"\" class=\"wp-image-15378 lazyload\" data-srcset=\"https:\/\/b3445130.smushcdn.com\/3445130\/wp-content\/uploads\/2025\/05\/indigo-1.png?lossy=1&amp;strip=1&amp;webp=1 930w, https:\/\/b3445130.smushcdn.com\/3445130\/wp-content\/uploads\/2025\/05\/indigo-1-300x206.png?lossy=1&amp;strip=1&amp;webp=1 300w, https:\/\/b3445130.smushcdn.com\/3445130\/wp-content\/uploads\/2025\/05\/indigo-1-768x529.png?lossy=1&amp;strip=1&amp;webp=1 768w\" data-sizes=\"(max-width: 930px) 100vw, 930px\" src=\"data:image\/gif;base64,R0lGODlhAQABAAAAACH5BAEKAAEALAAAAAABAAEAAAICTAEAOw==\" style=\"--smush-placeholder-width: 930px; --smush-placeholder-aspect-ratio: 930\/640;\" \/><noscript><img decoding=\"async\" loading=\"lazy\" width=\"930\" height=\"640\" src=\"https:\/\/fieldroast.com\/wp-content\/uploads\/2025\/05\/indigo-1.png\" alt=\"\" class=\"wp-image-15378\" srcset=\"https:\/\/b3445130.smushcdn.com\/3445130\/wp-content\/uploads\/2025\/05\/indigo-1.png?lossy=1&amp;strip=1&amp;webp=1 930w, https:\/\/b3445130.smushcdn.com\/3445130\/wp-content\/uploads\/2025\/05\/indigo-1-300x206.png?lossy=1&amp;strip=1&amp;webp=1 300w, https:\/\/b3445130.smushcdn.com\/3445130\/wp-content\/uploads\/2025\/05\/indigo-1-768x529.png?lossy=1&amp;strip=1&amp;webp=1 768w\" sizes=\"(max-width: 930px) 100vw, 930px\" \/><\/noscript><\/figure>\n<\/div>\n\n\n\n<div class=\"wp-block-column is-layout-flow\" style=\"flex-basis:75%\">\n<p class=\"has-text-align-left mt-0\"><strong>Indigo U.S Project No.1<br><strong>Certification:<\/strong> Climate Action Reserve&nbsp;<\/strong><br>Indigo Ag aide les agriculteurs \u00e0 nourrir durablement la plan\u00e8te. Les entreprises peuvent acheter des cr\u00e9dits carbone v\u00e9rifi\u00e9s qui r\u00e9compensent les agriculteurs ayant adopt\u00e9 des pratiques d\u2019agriculture r\u00e9g\u00e9n\u00e9ratrice menant \u00e0 des r\u00e9ductions et\/ou \u00e0 des absorptions de carbone.<\/p>\n<\/div>\n<\/div>\n\n\n\n<div class=\"wp-block-columns is-layout-flex wp-container-19\">\n<div class=\"wp-block-column is-layout-flow\" style=\"flex-basis:25%\"><div class=\"wp-block-image is-resized carbonneutral-logo\">\n<figure class=\"aligncenter size-full\"><img decoding=\"async\" loading=\"lazy\" data-src=\"https:\/\/fieldroast.com\/wp-content\/uploads\/2025\/05\/mapleleaflogo-1.png\" alt=\"\" class=\"wp-image-15382 lazyload\" width=\"150\" height=\"181\" data-srcset=\"https:\/\/b3445130.smushcdn.com\/3445130\/wp-content\/uploads\/2025\/05\/mapleleaflogo-1.png?lossy=1&amp;strip=1&amp;webp=1 600w, https:\/\/b3445130.smushcdn.com\/3445130\/wp-content\/uploads\/2025\/05\/mapleleaflogo-1-248x300.png?lossy=1&amp;strip=1&amp;webp=1 248w\" data-sizes=\"(max-width: 150px) 100vw, 150px\" src=\"data:image\/gif;base64,R0lGODlhAQABAAAAACH5BAEKAAEALAAAAAABAAEAAAICTAEAOw==\" style=\"--smush-placeholder-width: 150px; --smush-placeholder-aspect-ratio: 150\/181;\" \/><noscript><img decoding=\"async\" loading=\"lazy\" src=\"https:\/\/fieldroast.com\/wp-content\/uploads\/2025\/05\/mapleleaflogo-1.png\" alt=\"\" class=\"wp-image-15382\" width=\"150\" height=\"181\" srcset=\"https:\/\/b3445130.smushcdn.com\/3445130\/wp-content\/uploads\/2025\/05\/mapleleaflogo-1.png?lossy=1&amp;strip=1&amp;webp=1 600w, https:\/\/b3445130.smushcdn.com\/3445130\/wp-content\/uploads\/2025\/05\/mapleleaflogo-1-248x300.png?lossy=1&amp;strip=1&amp;webp=1 248w\" sizes=\"(max-width: 150px) 100vw, 150px\" \/><\/noscript><\/figure><\/div><\/div>\n\n\n\n<div class=\"wp-block-column is-layout-flow\" style=\"flex-basis:75%\">\n<p class=\"has-text-align-left mt-0\"><strong>Bluesource \u2013 Soda Creek Avoided Grassland Conversion Project<br><strong><strong>Certification: <\/strong>Climate Action Reserve<\/strong>&nbsp;<\/strong><br>Bluesource &#8211; Soda Creek Avoided Grassland Conversion Project s\u2019\u00e9tend sur plus de 10\u202f835 acres dans le comt\u00e9 de McCone, au Montana. Gr\u00e2ce \u00e0 une gestion durable, le projet pr\u00e9servera et s\u00e9questrera du carbone tout au long de sa dur\u00e9e de vie.<\/p>\n\n\n\n<p><a href=\"https:\/\/www.mapleleaffoods.com\/fr\/nos-engagements\/environnement\/carboneutre\/\" data-type=\"URL\" data-id=\"https:\/\/www.mapleleaffoods.com\/fr\/nos-engagements\/environnement\/carboneutre\/\"><u>En savoir plus<\/u><\/a><\/p>\n<\/div>\n<\/div>\n<\/div><\/div>\n<!-- AddThis Advanced Settings generic via filter on the_content --><!-- AddThis Share Buttons generic via filter on the_content -->","protected":false},"excerpt":{"rendered":"<p>QU&#8217;EST-CE QUE LA NEUTRALIT\u00c9 CARBONE? La neutralit\u00e9 carbone est obtenue en \u00e9vitant et en r\u00e9duisant toutes les \u00e9missions de carbone, et en compensant toutes les \u00e9missions restantes in\u00e9vitables par des projets de r\u00e9duction des \u00e9missions v\u00e9rifi\u00e9s et par de l\u2019\u00e9nergie propre et renouvelable. UNE MEILLEURE PLAN\u00c8TE Nous sommes fiers d\u2019\u00eatre carboneutres. Dans notre qu\u00eate pour [&hellip;]<!-- AddThis Advanced Settings generic via filter on get_the_excerpt --><!-- AddThis Share Buttons generic via filter on get_the_excerpt --><\/p>\n","protected":false},"author":55,"featured_media":0,"parent":0,"menu_order":0,"comment_status":"closed","ping_status":"closed","template":"","meta":{"inline_featured_image":false,"yasr_overall_rating":0,"yasr_post_is_review":"","yasr_auto_insert_disabled":"","yasr_review_type":""},"yasr_visitor_votes":{"stars_attributes":{"read_only":false,"span_bottom":false},"number_of_votes":0,"sum_votes":0},"acf":[],"_links":{"self":[{"href":"https:\/\/fieldroast.com\/fr-ca\/wp-json\/wp\/v2\/pages\/11073"}],"collection":[{"href":"https:\/\/fieldroast.com\/fr-ca\/wp-json\/wp\/v2\/pages"}],"about":[{"href":"https:\/\/fieldroast.com\/fr-ca\/wp-json\/wp\/v2\/types\/page"}],"author":[{"embeddable":true,"href":"https:\/\/fieldroast.com\/fr-ca\/wp-json\/wp\/v2\/users\/55"}],"replies":[{"embeddable":true,"href":"https:\/\/fieldroast.com\/fr-ca\/wp-json\/wp\/v2\/comments?post=11073"}],"version-history":[{"count":8,"href":"https:\/\/fieldroast.com\/fr-ca\/wp-json\/wp\/v2\/pages\/11073\/revisions"}],"predecessor-version":[{"id":15396,"href":"https:\/\/fieldroast.com\/fr-ca\/wp-json\/wp\/v2\/pages\/11073\/revisions\/15396"}],"wp:attachment":[{"href":"https:\/\/fieldroast.com\/fr-ca\/wp-json\/wp\/v2\/media?parent=11073"}],"curies":[{"name":"wp","href":"https:\/\/api.w.org\/{rel}","templated":true}]}}