{"id":11082,"date":"2020-12-21T07:13:59","date_gmt":"2020-12-21T15:13:59","guid":{"rendered":"http:\/\/fieldroast.com\/cookbook\/"},"modified":"2024-03-04T15:53:45","modified_gmt":"2024-03-04T21:53:45","slug":"cookbook","status":"publish","type":"page","link":"https:\/\/fieldroast.com\/fr-ca\/cookbook\/","title":{"rendered":"Livre de recette"},"content":{"rendered":"\n<h1 class=\"wp-block-heading has-text-align-center\">Livre de recette<\/h1>\n\n\n\n<div class=\"wp-block-columns container w75 top-lined is-layout-flex wp-container-3\">\n<div class=\"wp-block-column is-layout-flow\">\n<figure class=\"wp-block-image size-large\"><img decoding=\"async\" loading=\"lazy\" width=\"1160\" height=\"1080\" data-src=\"https:\/\/fieldroast.com\/wp-content\/uploads\/2021\/01\/Image_Cookbook.png\" alt=\"\" class=\"wp-image-10759 lazyload\" src=\"data:image\/gif;base64,R0lGODlhAQABAAAAACH5BAEKAAEALAAAAAABAAEAAAICTAEAOw==\" style=\"--smush-placeholder-width: 1160px; --smush-placeholder-aspect-ratio: 1160\/1080;\" \/><noscript><img decoding=\"async\" loading=\"lazy\" width=\"1160\" height=\"1080\" src=\"https:\/\/fieldroast.com\/wp-content\/uploads\/2021\/01\/Image_Cookbook.png\" alt=\"\" class=\"wp-image-10759\"\/><\/noscript><\/figure>\n<\/div>\n\n\n\n<div class=\"wp-block-column is-layout-flow\">\n<div class=\"goldyblock cookbook-box\">\n<div>\n<h2>FIELD ROAST: 101 Des recettes artisanales de viande v\u00e9g\u00e9talienne \u00e0 cuisiner, \u00e0 partager et \u00e0 savourer<\/h2>\n<h3>PAR TOMMY MCDONALD<\/h3>\n<\/div>\n<div class=\"buyonline_link\">\n<span>Acheter en ligne<\/span>\n<ul>\n<li><a href=\"https:\/\/a.co\/d\/hHSuqiY\" target=\"_blank\" rel=\"noopener noreferrer\">Amazon<\/a>\n<\/li>\n<li><a href=\"https:\/\/www.indigo.ca\/en-ca\/field-roast-101-artisan-vegan-meat-recipes-to-cook-share-and-savor\/9780738219592.html\" target=\"_blank\" rel=\"noopener noreferrer\">Indigo<\/a>\n<\/li>\n<\/ul>\n<\/div>\n<\/div>\n<\/div>\n<\/div>\n\n\n\n<div class=\"wp-block-group container w75 goldyblock is-layout-flow\"><div class=\"wp-block-group__inner-container\">\n<p>Le livre de recettes Field Roast est consacr\u00e9 \u00e0 de d\u00e9licieuses et satisfaisantes recettes pr\u00e9par\u00e9es avec des produits \u00e0 base de plantes. Notre chef r\u00e9sident Tommy McDonald partage sa passion culinaire et enseigne les techniques alimentaires fondamentales qui vous permettront de faire vos propres viandes \u00e0 base de plantes &#8211; et vous montre comment utiliser au mieux les simili-viandes Field Roast &#8211; pour r\u00e9aliser de d\u00e9licieux repas \u00e0 base de plantes. Ces recettes utilisent des ingr\u00e9dients faciles \u00e0 trouver; tout ce dont vous avez besoin sont des c\u00e9r\u00e9ales, des l\u00e9gumes frais et des \u00e9pices audacieuses &#8211; des ingr\u00e9dients simples pour un go\u00fbt authentique et copieux.<\/p>\n\n\n\n<p>Les recettes comprennent des plats de base comme les escalopettes, les r\u00f4tis, les burgers et les saucisses, ainsi que des plats comme le sandwich de biscuits \u00e0 la poudre \u00e0 p\u00e2te style Kansas, le poulet frit Field Roast accompagn\u00e9 de gaufres, le pastrami sur seigle, le pain plat aux poireaux et \u00e0 la simili-saucisse \u00e9pic\u00e9e, la viande de grains du Sichuan \u00e0 l&#8217;orange et au brocoli, le p\u00e2t\u00e9 chinois toscan, le cari Katsu et bien d&#8217;autres.<\/p>\n\n\n\n<p><\/p>\n<\/div><\/div>\n<!-- AddThis Advanced Settings generic via filter on the_content --><!-- AddThis Share Buttons generic via filter on the_content -->","protected":false},"excerpt":{"rendered":"<p>Livre de recette FIELD ROAST: 101 Des recettes artisanales de viande v\u00e9g\u00e9talienne \u00e0 cuisiner, \u00e0 partager et \u00e0 savourer PAR TOMMY MCDONALD Acheter en ligne Amazon Indigo Le livre de recettes Field Roast est consacr\u00e9 \u00e0 de d\u00e9licieuses et satisfaisantes recettes pr\u00e9par\u00e9es avec des produits \u00e0 base de plantes. Notre chef r\u00e9sident Tommy McDonald partage [&hellip;]<!-- AddThis Advanced Settings generic via filter on get_the_excerpt --><!-- AddThis Share Buttons generic via filter on get_the_excerpt --><\/p>\n","protected":false},"author":55,"featured_media":0,"parent":0,"menu_order":0,"comment_status":"closed","ping_status":"closed","template":"template-pages\/cook-book.php","meta":{"inline_featured_image":false,"yasr_overall_rating":0,"yasr_post_is_review":"","yasr_auto_insert_disabled":"","yasr_review_type":""},"yasr_visitor_votes":{"stars_attributes":{"read_only":false,"span_bottom":false},"number_of_votes":0,"sum_votes":0},"acf":[],"_links":{"self":[{"href":"https:\/\/fieldroast.com\/fr-ca\/wp-json\/wp\/v2\/pages\/11082"}],"collection":[{"href":"https:\/\/fieldroast.com\/fr-ca\/wp-json\/wp\/v2\/pages"}],"about":[{"href":"https:\/\/fieldroast.com\/fr-ca\/wp-json\/wp\/v2\/types\/page"}],"author":[{"embeddable":true,"href":"https:\/\/fieldroast.com\/fr-ca\/wp-json\/wp\/v2\/users\/55"}],"replies":[{"embeddable":true,"href":"https:\/\/fieldroast.com\/fr-ca\/wp-json\/wp\/v2\/comments?post=11082"}],"version-history":[{"count":5,"href":"https:\/\/fieldroast.com\/fr-ca\/wp-json\/wp\/v2\/pages\/11082\/revisions"}],"predecessor-version":[{"id":14856,"href":"https:\/\/fieldroast.com\/fr-ca\/wp-json\/wp\/v2\/pages\/11082\/revisions\/14856"}],"wp:attachment":[{"href":"https:\/\/fieldroast.com\/fr-ca\/wp-json\/wp\/v2\/media?parent=11082"}],"curies":[{"name":"wp","href":"https:\/\/api.w.org\/{rel}","templated":true}]}}