{"id":11095,"date":"2020-10-21T17:20:17","date_gmt":"2020-10-22T00:20:17","guid":{"rendered":"http:\/\/fieldroast.com\/our-recipes\/"},"modified":"2025-10-08T18:49:38","modified_gmt":"2025-10-08T23:49:38","slug":"our-recipes","status":"publish","type":"page","link":"https:\/\/fieldroast.com\/fr-ca\/our-recipes\/","title":{"rendered":"Nos Recettes"},"content":{"rendered":"\n<h1 class=\"wp-block-heading has-text-align-center\">NOS RECETTES<\/h1>\n\n\n\r\n<script>\r\nwindow.qlang = 'fr-ca';\r\n<\/script>\r\n\r\n<style>\r\n .flav595 { color:; background-image: url(); }\r\n.single-product:hover .flav595:after { content:\"Cors\u00e9\"; }\r\n.flav590 { color:; background-image: url(); }\r\n.single-product:hover .flav590:after { content:\"Piquante\"; }\r\n.flav587 { color:; background-image: url(); }\r\n.single-product:hover .flav587:after { content:\"Bold\"; }\r\n.flav471 { color:; background-image: url(); }\r\n.single-product:hover .flav471:after { content:\"Fum\u00e9e\"; }\r\n.flav480 { color:; background-image: url(); }\r\n.single-product:hover .flav480:after { content:\"Umami\"; }\r\n.flav478 { color:; background-image: url(); }\r\n.single-product:hover .flav478:after { content:\"Sucr\u00e9\"; }\r\n.flav476 { color:; background-image: url(); }\r\n.single-product:hover .flav476:after { content:\"\u00c9pice\"; }\r\n.flav469 { color:; background-image: url(); }\r\n.single-product:hover .flav469:after { content:\"Frais\"; }\r\n<\/style>\r\n\r\n<div class=\"shop-page full-width\">\r\n\t\t\t\t<div class=\"row\">\r\n                    <div class=\"shop-sidebar col-12\">\r\n                        <span>J&#8217;aimerais cr\u00e9er un plat avec<\/span>\r\n                        <div class=\"dropdown wide\" id=\"product-select\" data-val=\"\">\r\n                            <button class=\"btn btn-secondary dropdown-toggle\" type=\"button\" id=\"dropdownMenuButtonProduct\" data-toggle=\"dropdown\" aria-haspopup=\"true\" aria-expanded=\"false\" title=\"\">\r\n                                N&#8217;importe quel produit                             <\/button>\r\n                            <div class=\"dropdown-menu\" aria-labelledby=\"dropdownMenuButtonProduct\">\r\n                                <a class=\"dropdown-item\" href=\"#\" data-val=\"\">N&#8217;importe quel produit <\/a>\r\n                                                                        <a class=\"dropdown-item\" href=\"#\" data-val=\"11148\">Burger de Campagne \u00e0 base de plantes Burgers \u00e0 base de plantes<\/a>\r\n                                                                                <a class=\"dropdown-item\" href=\"#\" data-val=\"11128\">Chipotle Mexicain Piquant Saucisses \u00e0 base de plantes<\/a>\r\n                                                                                <a class=\"dropdown-item\" href=\"#\" data-val=\"11110\">Fum\u00e9es aux Pommes et \u00e0 la Sauge Saucisses \u00e0 base de plantes<\/a>\r\n                                                                                <a class=\"dropdown-item\" href=\"#\" data-val=\"11174\">Fum\u00e9es Classique Saucisses fum\u00e9es \u00e0 base de plantes<\/a>\r\n                                                                                <a class=\"dropdown-item\" href=\"#\" data-val=\"11125\">Italiennes \u00e0 l&#8217;Ail et Fenouil Saucisses \u00e0 base de plantes<\/a>\r\n                                                                                <a class=\"dropdown-item\" href=\"#\" data-val=\"11187\">Original Cr\u00e9mieux Tranches de chao<\/a>\r\n                                                                    <\/div>\r\n                        <\/div>\r\n                        <span>lequel est<\/span>\r\n                        <div class=\"dropdown\" id=\"flavor-select\" data-val=\"\">\r\n                            <button class=\"btn btn-secondary dropdown-toggle\" type=\"button\" id=\"dropdownMenuButtonFlavor\" data-toggle=\"dropdown\" aria-haspopup=\"true\" aria-expanded=\"false\">\r\n                            N&#8217;importe quelle saveur                            <\/button>\r\n                            <div class=\"dropdown-menu\" aria-labelledby=\"dropdownMenuButtonFlavor\">\r\n                                <a class=\"dropdown-item\" href=\"#\" data-val=\"\">N&#8217;importe quelle saveur<\/a>\r\n                                                                    <a class=\"dropdown-item\" href=\"#\" data-val=\"corse-2\">Cors\u00e9<\/a>\r\n                                                                    <a class=\"dropdown-item\" href=\"#\" data-val=\"piquante\">Piquante<\/a>\r\n                                                                    <a class=\"dropdown-item\" href=\"#\" data-val=\"bold-2\">Bold<\/a>\r\n                                                                    <a class=\"dropdown-item\" href=\"#\" data-val=\"smoky-fr-ca\">Fum\u00e9e<\/a>\r\n                                                                    <a class=\"dropdown-item\" href=\"#\" data-val=\"umami-fr-ca\">Umami<\/a>\r\n                                                                    <a class=\"dropdown-item\" href=\"#\" data-val=\"sweet-fr-ca\">Sucr\u00e9<\/a>\r\n                                                                    <a class=\"dropdown-item\" href=\"#\" data-val=\"spicy-fr-ca\">\u00c9pice<\/a>\r\n                                                                    <a class=\"dropdown-item\" href=\"#\" data-val=\"fresh-fr-ca\">Frais<\/a>\r\n                                                            <\/div>\r\n                        <\/div>\r\n                        <span>for<\/span>\r\n                        <div class=\"dropdown\" id=\"occasion-select\" data-val=\"\">\r\n                            <button class=\"btn btn-secondary dropdown-toggle\" type=\"button\" id=\"dropdownMenuButtonOccasion\" data-toggle=\"dropdown\" aria-haspopup=\"true\" aria-expanded=\"false\">\r\n                                Toutes les occasions                            <\/button>\r\n                            <div class=\"dropdown-menu\" aria-labelledby=\"dropdownMenuButtonOccasion\">\r\n                                <a class=\"dropdown-item\" href=\"#\" data-val=\"\">Toutes les occasions<\/a>\r\n                                                                    <a class=\"dropdown-item\" href=\"#\" data-val=\"holiday-en-ca-fr-ca\">Holiday<\/a>\r\n                                                                    <a class=\"dropdown-item\" href=\"#\" data-val=\"appetizer-fr-ca-2\">Appetizer<\/a>\r\n                                                                    <a class=\"dropdown-item\" href=\"#\" data-val=\"lunch-fr-ca\">Lunch<\/a>\r\n                                                                    <a class=\"dropdown-item\" href=\"#\" data-val=\"dinner-fr-ca\">Dinner<\/a>\r\n                                                            <\/div>\r\n                        <\/div>\r\n                    <\/div>\r\n                    <div class=\"col-12 text-center\">\r\n                        <p>montrant <span id=\"num_recipes\">0<\/span> of <span id=\"total_recipes\">31<\/span> recettes<\/p>\r\n                    <\/div>\r\n                <\/div> <!-- \/.row -->\r\n                <div class=\"shop-product-wrapper row\">\r\n\r\n\t\t\t\t<\/div> <!-- \/.row -->\r\n\t\t\t<\/div>\r\n\r\n<script type=\"text\/template\" id=\"recipe_template\">\r\n<% var prodlinks = []; %>\r\n<% for (var i=0; i<related_products.length; i++) { %>\r\n<%    prodlinks.push('<a href=\"'+related_products[i].link+'\">'+related_products[i].title+'<\/a>'); %>\r\n<% } %>\r\n<% var ratepercent = yasr_visitor_votes.sum_votes > 0 ? Math.round(100 * ((yasr_visitor_votes.sum_votes\/yasr_visitor_votes.number_of_votes)\/5)) : 0 %>\r\n    <a href=\"<%= link %>\" class=\"square-bg-btn\">\r\n        <div style=\"background-image:url(<%= fimg_url ? fimg_url : simg_url %>)\">  \r\n        <div class=\"yasr-visitor-votes\">\r\n            <div class=\"yasr-rater-stars-visitor-votes yasr-star-rating\"style=\"width: 120px; height: 24px; background-size: 24px;\">\r\n                <div class=\"yasr-star-value\" style=\"background-size: 24px; width: <%= ratepercent %>%;\"><\/div>\r\n            <\/div>\r\n        <\/div>\r\n        <\/div>\r\n    <\/a>\r\n    <% if (related_products.length>0) { %>\r\n    <h6><%= related_products[0].family %><\/h6>\r\n    <% } %>\r\n    <span class=\"flava flav<%= fieldroast_recipe_flavour[0] %>\"><\/span>\r\n    <h3><a href=\"<%= link %>\" class=\"tran3s\"><%= title.rendered %><\/a><\/h3>\r\n    <% if (related_products.length>0) { %>\r\n    <p>Crafted with <%= prodlinks.join(', ') %><\/p>\r\n    <% } %>\r\n    <a href=\"<%= link %>\" class=\"btn arrow\">View Recipe<\/a>\r\n\r\n<\/script>\r\n\r\n<!--div id=\"yasr_visitor_votes_8144\" class=\"yasr-visitor-votes\"><div id=\"yasr-visitor-votes-rater-f7f8f025f6c03\" class=\"yasr-rater-stars-visitor-votes yasr-star-rating\" data-rater-postid=\"8144\" data-rating=\"4.5\" data-rater-starsize=\"16\" data-rater-readonly=\"false\" data-rater-nonce=\"e3c7e78a82\" data-issingular=\"true\" data-cpt=\"\" style=\"width: 80px; height: 16px; background-size: 16px;\">\r\n                                <div class=\"yasr-star-value\" style=\"background-size: 16px; width: 90%;\"><\/div><\/div><div id=\"yasr-visitor-votes-container-after-stars-f7f8f025f6c03\" class=\"yasr-visitor-votes-after-stars\"><span class=\"yasr-total-average-container\" id=\"yasr-total-average-text-f7f8f025f6c03\">[Total:&nbsp;<span id=\"yasr-vv-votes-number-container-f7f8f025f6c03\">2<\/span>&nbsp; &nbsp;Average:&nbsp;<span id=\"yasr-vv-average-container-f7f8f025f6c03\">4.5<\/span>\/5]<\/span><\/div><\/div-->\r\n\r\n<!-- AddThis Advanced Settings generic via filter on the_content --><!-- AddThis Share Buttons generic via filter on the_content -->","protected":false},"excerpt":{"rendered":"<p>NOS RECETTES<!-- AddThis Advanced Settings generic via filter on get_the_excerpt --><!-- AddThis Share Buttons generic via filter on get_the_excerpt --><\/p>\n","protected":false},"author":55,"featured_media":0,"parent":0,"menu_order":0,"comment_status":"closed","ping_status":"closed","template":"","meta":{"inline_featured_image":false,"yasr_overall_rating":0,"yasr_post_is_review":"","yasr_auto_insert_disabled":"","yasr_review_type":""},"yasr_visitor_votes":{"stars_attributes":{"read_only":false,"span_bottom":false},"number_of_votes":0,"sum_votes":0},"acf":[],"_links":{"self":[{"href":"https:\/\/fieldroast.com\/fr-ca\/wp-json\/wp\/v2\/pages\/11095"}],"collection":[{"href":"https:\/\/fieldroast.com\/fr-ca\/wp-json\/wp\/v2\/pages"}],"about":[{"href":"https:\/\/fieldroast.com\/fr-ca\/wp-json\/wp\/v2\/types\/page"}],"author":[{"embeddable":true,"href":"https:\/\/fieldroast.com\/fr-ca\/wp-json\/wp\/v2\/users\/55"}],"replies":[{"embeddable":true,"href":"https:\/\/fieldroast.com\/fr-ca\/wp-json\/wp\/v2\/comments?post=11095"}],"version-history":[{"count":4,"href":"https:\/\/fieldroast.com\/fr-ca\/wp-json\/wp\/v2\/pages\/11095\/revisions"}],"predecessor-version":[{"id":15478,"href":"https:\/\/fieldroast.com\/fr-ca\/wp-json\/wp\/v2\/pages\/11095\/revisions\/15478"}],"wp:attachment":[{"href":"https:\/\/fieldroast.com\/fr-ca\/wp-json\/wp\/v2\/media?parent=11095"}],"curies":[{"name":"wp","href":"https:\/\/api.w.org\/{rel}","templated":true}]}}