{"id":11102,"date":"2020-12-21T07:05:59","date_gmt":"2020-12-21T15:05:59","guid":{"rendered":"http:\/\/fieldroast.com\/terms-and-conditions\/"},"modified":"2022-05-11T12:25:33","modified_gmt":"2022-05-11T19:25:33","slug":"terms-and-conditions","status":"publish","type":"page","link":"https:\/\/fieldroast.com\/fr-ca\/terms-and-conditions\/","title":{"rendered":"Conditions g\u00e9n\u00e9rales"},"content":{"rendered":"\n<h1 class=\"has-text-align-center fr-page-header wp-block-heading\">Conditions g\u00e9n\u00e9rales<\/h1>\n\n\n<p>Conditions d\u2019utilisation<\/p>\n<p>Les Aliments Greenleaf, EFS (\u00ab\u00a0Greenleaf\u00a0\u00bb) est le propri\u00e9taire des marques Lightlife<sup>MD<\/sup> et Field Roast<sup>MC<\/sup>. Le pr\u00e9sent site Web, y compris toutes ses fonctions (collectivement, le \u00ab\u00a0site\u00a0\u00bb), appartient \u00e0 Greenleaf, et votre utilisation du site est assujettie aux pr\u00e9sentes conditions d\u2019utilisation. Avant d\u2019utiliser ce site, veuillez lire attentivement les pr\u00e9sentes conditions d\u2019utilisation. En acc\u00e9dant au site, vous convenez de respecter les pr\u00e9sentes conditions (les \u00ab\u00a0conditions\u00a0\u00bb) et d\u2019\u00eatre li\u00e9 par celles-ci.<\/p>\n<p>Nous pouvons mettre \u00e0 jour le site et les pr\u00e9sentes conditions de temps \u00e0 autre. Votre utilisation du pr\u00e9sent site apr\u00e8s la publication de modifications apport\u00e9es aux pr\u00e9sentes conditions t\u00e9moigne de votre acceptation de ces modifications. Vous convenez de consulter r\u00e9guli\u00e8rement les pr\u00e9sentes conditions pour vous assurer de prendre connaissance de la version la plus r\u00e9cente.<\/p>\n<p>Contenu de Greenleaf<\/p>\n<p>Le contenu du pr\u00e9sent site fourni par Greenleaf ou ses conc\u00e9dants de licence, notamment des graphiques, des photos, des images, des saisies d\u2019\u00e9cran, du texte, des fichiers t\u00e9l\u00e9chargeables, des marques de commerce, des logos, des noms de produits et de programmes, des slogans et toute combinaison de ces \u00e9l\u00e9ments (le \u00ab\u00a0contenu de Greenleaf\u00a0\u00bb), est la propri\u00e9t\u00e9 de Greenleaf et de ses conc\u00e9dants de licence et est prot\u00e9g\u00e9 au Canada, aux \u00c9tats-Unis et \u00e0 l\u2019\u00e9tranger en vertu des lois sur les marques de commerce et les droits d\u2019auteur, et d\u2019autres lois en mati\u00e8re de propri\u00e9t\u00e9 intellectuelle.<\/p>\n<p>Vous convenez de ne pas t\u00e9l\u00e9charger, afficher ou utiliser tout contenu de Greenleaf se trouvant sur le site qui concerne des produits ou des services autres que ceux de Greenleaf de toute autre mani\u00e8re susceptible de semer la confusion parmi les consommateurs, d\u2019affaiblir un droit de propri\u00e9t\u00e9 de Greenleaf ou de ses conc\u00e9dants de licence ou de violer autrement les droits de propri\u00e9t\u00e9 intellectuelle de Greenleaf ou de ses conc\u00e9dants de licence. Vous convenez aussi de vous abstenir de faire toute autre utilisation abusive de tout contenu de Greenleaf ou de contenu de tiers qui figure sur le pr\u00e9sent site.<\/p>\n<p>Les renseignements sur la sant\u00e9 accessibles sur ce site y figurent \u00e0 titre informatif seulement et ne visent pas \u00e0 remplacer des conseils m\u00e9dicaux professionnels. Greenleaf n\u2019approuve et ne garantit pas la validit\u00e9 des d\u00e9clarations concernant la sant\u00e9 qui figurent sur le site ni des renseignements de cette nature qui figurent sur des sites de tiers mentionn\u00e9s sur le pr\u00e9sent site. Les renseignements sont de nature g\u00e9n\u00e9rale et peuvent \u00eatre utiles \u00e0 certaines personnes, mais pas \u00e0 d\u2019autres, selon leur situation personnelle. Vous devriez toujours consulter votre m\u00e9decin avant de modifier votre alimentation ou d\u2019entreprendre un nouveau programme d\u2019exercice. Il ne faut jamais faire abstraction des conseils m\u00e9dicaux professionnels ni tarder \u00e0 en obtenir en raison de l\u2019information que vous avez lue sur le site.<\/p>\n<p>Utilisation du site<\/p>\n<p>Les exigences suivantes s\u2019appliquent \u00e0 votre utilisation du site\u00a0: a) vous ne devez pas utiliser les fonctions de communication \u00e9lectronique du site \u00e0 toute fin ill\u00e9gale, d\u00e9lictuelle, attentatoire \u00e0 la vie priv\u00e9e, importune, diffamatoire, obsc\u00e8ne ou mena\u00e7ante; b) vous ne devez pas t\u00e9l\u00e9verser, publier, reproduire ou distribuer du contenu, des renseignements, des logiciels ou d\u2019autres \u00e9l\u00e9ments qui violent les droits de propri\u00e9t\u00e9 intellectuelle ou d\u2019autres droits d\u2019un tiers; et c) vous ne devez pas utiliser le site ou le contenu de Greenleaf \u00e0 toute fin commerciale qui n\u2019a pas \u00e9t\u00e9 approuv\u00e9e express\u00e9ment par \u00e9crit par Greenleaf.<\/p>\n<p>Vous ne devez pas porter atteinte ou tenter de porter atteinte \u00e0 la s\u00e9curit\u00e9 du site, y compris, sans s\u2019y limiter\u00a0: a) acc\u00e9der \u00e0 des donn\u00e9es qui ne vous sont pas destin\u00e9es ou vous connecter \u00e0 un serveur ou \u00e0 un compte auquel vous n\u2019\u00eates pas autoris\u00e9 \u00e0 acc\u00e9der; b) tenter de sonder, d\u2019analyser ou de mettre \u00e0 l\u2019essai la vuln\u00e9rabilit\u00e9 d\u2019un syst\u00e8me ou d\u2019un r\u00e9seau ou d\u2019enfreindre les mesures de s\u00e9curit\u00e9 ou d\u2019authentification sans autorisation ad\u00e9quate; c) tenter de perturber le service d\u2019un utilisateur, d\u2019un h\u00f4te ou d\u2019un r\u00e9seau, y compris, sans s\u2019y limiter, par la transmission d\u2019un virus sur le site, une surcharge, une inondation, un pollupostage, un bombardement de courriels ou un plantage; d) envoyer des courriels non sollicit\u00e9s, y compris des promotions ou des publicit\u00e9s de produits ou de services; e) falsifier des en-t\u00eates de paquets TCP\/IP ou toute partie des renseignements de l\u2019en-t\u00eate d\u2019un courriel ou d\u2019une publication dans un groupe de discussion; f) utiliser un dispositif, un logiciel ou un programme pour perturber ou tenter de perturber le bon fonctionnement du site ou toute activit\u00e9 effectu\u00e9e sur le site; ou g) utiliser ou tenter d\u2019utiliser un moteur, un logiciel, un outil, un agent ou tout autre dispositif ou m\u00e9canisme (y compris, sans s\u2019y limiter, les navigateurs, robots d\u2019indexation, robots, avatars ou agents intelligents) pour naviguer sur le site ou y effectuer une recherche par un moyen autre que le moteur de recherche ou les agents de recherche fournis par Greenleaf<sup>MD<\/sup> sur le pr\u00e9sent site et les navigateurs Web de tiers accessibles au grand public. Toute violation de la s\u00e9curit\u00e9 d\u2019un syst\u00e8me ou d\u2019un r\u00e9seau risque d\u2019engager la responsabilit\u00e9 civile ou criminelle. Greenleaf<sup>MD<\/sup> peut mener des enqu\u00eates sur les cas de violations potentielles et faire appel aux organismes charg\u00e9s de l\u2019application des lois et collaborer avec eux afin de poursuivre les utilisateurs qui participent \u00e0 de telles violations.<\/p>\n<p>Contenu de l\u2019utilisateur<\/p>\n<p>Toute communication ou tout \u00e9l\u00e9ment que vous transmettez \u00e0 Greenleaf au moyen de publications, par courriel ou autrement, y compris des donn\u00e9es, des questions, des commentaires, des suggestions ou d\u2019autres \u00e9l\u00e9ments (le \u00ab\u00a0contenu de l\u2019utilisateur\u00a0\u00bb) est consid\u00e9r\u00e9 comme non confidentiel et sera trait\u00e9 comme tel. En transmettant tout contenu de l\u2019utilisateur sur le site ou par l\u2019interm\u00e9diaire de celui-ci, vous accordez par les pr\u00e9sentes \u00e0 Greenleaf une licence non exclusive, pouvant faire l\u2019objet de sous-licences, mondiale, enti\u00e8rement acquitt\u00e9e et libre de redevances lui permettant d\u2019utiliser, de modifier, de pr\u00e9senter ou d\u2019afficher publiquement, de reproduire et de distribuer ce contenu de l\u2019utilisateur dans tous les m\u00e9dias actuels ou futurs. Cette licence comprend le droit d\u2019h\u00e9berger, d\u2019indexer, de mettre en m\u00e9moire cache, de distribuer et d\u2019identifier tout contenu de l\u2019utilisateur. De plus, Greenleaf est libre d\u2019utiliser les id\u00e9es, les concepts, le savoir-faire ou les techniques figurant dans toute communication que vous envoyez sur le site \u00e0 quelque fin que ce soit, y compris, sans s\u2019y limiter, pour d\u00e9velopper, fabriquer et mettre en march\u00e9 des produits \u00e0 l\u2019aide de ces renseignements. Vous d\u00e9clarez et garantissez que vous \u00eates le propri\u00e9taire du contenu transmis, affich\u00e9 ou publi\u00e9 par vous sur le site et que vous avez par ailleurs le droit d\u2019accorder la licence pr\u00e9vue dans les pr\u00e9sentes.<\/p>\n<p>Dans certaines sections de notre site, vous pourriez \u00eatre en mesure de soumettre du contenu de l\u2019utilisateur sous la forme de publications \u00e9crites. En utilisant ces fonctions, vous convenez de ne pas publier tout contenu ill\u00e9gal, nuisible, d\u00e9lictueux, diffamatoire, obsc\u00e8ne, attentatoire \u00e0 la vie priv\u00e9e d\u2019une autre personne, mena\u00e7ant, importun, contrefait, pornographique ou violent; de ne pas publier de contenu qui viole les droits d\u2019un tiers; de ne pas imiter toute personne ou organisation, ni faire de d\u00e9claration trompeuse concernant toute affiliation \u00e0 une autre personne ou organisation; et de ne pas publier de contenu qui contient des virus, des fichiers corrompus ou d\u2019autres logiciels ou programmes semblables qui peuvent perturber le fonctionnement du site ou des fonctions du site.<\/p>\n<p>Vous comprenez et convenez que vous n\u2019avez aucun droit de propri\u00e9t\u00e9 sur le site ou les \u00e9l\u00e9ments et les fonctions qu\u2019il contient. Greenleaf peut supprimer une partie ou la totalit\u00e9 de votre contenu de l\u2019utilisateur \u00e0 tout moment et sans pr\u00e9avis, si elle estime que vous avez viol\u00e9 les pr\u00e9sentes conditions ou la loi. Greenleaf n\u2019assume aucune responsabilit\u00e9 \u00e0 l\u2019\u00e9gard des renseignements retir\u00e9s du site et se r\u00e9serve le droit de restreindre l\u2019acc\u00e8s au site de fa\u00e7on permanente.<\/p>\n<p>Concours et coupons<\/p>\n<p>Des concours et d\u2019autres activit\u00e9s promotionnelles peuvent \u00eatre organis\u00e9s sur le site de temps \u00e0 autre. Tous ces concours et toutes ces autres activit\u00e9s promotionnelles sont assujettis au r\u00e8glement du concours ou de la promotion en question. En participant \u00e0 un tel concours ou \u00e0 une telle activit\u00e9 promotionnelle, vous convenez de respecter le r\u00e8glement, de m\u00eame que les pr\u00e9sentes conditions d\u2019utilisation. Tous les coupons fournis sur le pr\u00e9sent site sont assujettis aux conditions qui figurent sur le coupon en question.<\/p>\n<p>Indemnisation<\/p>\n<p>Vous convenez d\u2019indemniser Greenleaf, ses soci\u00e9t\u00e9s affili\u00e9es, ses soci\u00e9t\u00e9s m\u00e8res et ses filiales, ainsi que leurs dirigeants, leurs employ\u00e9s et leurs mandataires respectifs, et de les d\u00e9gager de toute responsabilit\u00e9 \u00e0 l\u2019\u00e9gard des r\u00e9clamations, des dommages et des frais, y compris les honoraires d\u2019avocat et les frais raisonnables, qui se rapportent \u00e0 toute violation des pr\u00e9sentes conditions de votre part ou de la part de vos personnes \u00e0 charge ou qui d\u00e9coulent de l\u2019utilisation du contenu de l\u2019utilisateur que vous avez transmis, publi\u00e9 ou fourni d\u2019une autre mani\u00e8re \u00e0 Greenleaf ou sur le pr\u00e9sent site.<\/p>\n<p>\u00a0<\/p>\n<p>D\u00e9clarations<\/p>\n<p>Greenleaf n\u2019effectue aucune d\u00e9claration au sujet de la fiabilit\u00e9 ou des fonctions du pr\u00e9sent site, du contenu de Greenleaf, du contenu de l\u2019utilisateur ou de toute fonction d\u2019un autre site, et d\u00e9cline toute responsabilit\u00e9 en cas d\u2019interruption du service.<\/p>\n<p>DE PLUS, GREENLEAF D\u00c9CLINE TOUTE GARANTIE DE QUELQUE NATURE QUE CE SOIT, EXPLICITE OU IMPLICITE, Y COMPRIS, SANS S\u2019Y LIMITER, LES GARANTIES SUIVANTES\u00a0:<\/p>\n<ul>\n<li>QUE LE CONTENU PR\u00c9SENTE UN CERTAIN NIVEAU DE QUALIT\u00c9 OU SOIT ADAPT\u00c9 \u00c0 UN USAGE PARTICULIER;<\/li>\n<li>QUE LE CONTENU SOIT EXACT ET EXEMPT D\u2019ERREURS;<\/li>\n<li>QUE LES \u00c9L\u00c9MENTS FONCTIONNELS INT\u00c9GR\u00c9S AU CONTENU SOIENT OFFERTS SANS INTERRUPTION OU EXEMPTS D\u2019ERREURS;<\/li>\n<li>QUE LES D\u00c9FAUTS SOIENT CORRIG\u00c9S;<\/li>\n<li>QUE LE SITE OU LES SERVEURS QUI PERMETTENT D\u2019Y ACC\u00c9DER SOIENT EXEMPTS DE VIRUS OU D\u2019AUTRES \u00c9L\u00c9MENTS NUISIBLES;<\/li>\n<li>QUE DES R\u00c9SULTATS POSITIFS SOIENT OBTENUS EN SUIVANT BIEN LES INSTRUCTIONS, LES DIRECTIVES OU LES RECETTES FIGURANT DANS LE CONTENU;<\/li>\n<li>QUE LE CONTENU FIGURANT SUR LE PR\u00c9SENT SITE NE SOIT PAS CONTREFAIT, OU QUE LE SITE SOIT \u00c0 L\u2019ABRI D\u2019UNE ALT\u00c9RATION, D\u2019UN PIRATAGE OU D\u2019UNE INTRUSION PAR DES TIERS;<\/li>\n<li>QUE TOUT CONTENU OU CONTENU DE L\u2019UTILISATEUR SOIT PR\u00c9SERV\u00c9 PENDANT UN CERTAIN TEMPS.<\/li>\n<\/ul>\n<p>DANS CERTAINS \u00c9TATS OU CERTAINES PROVINCES, LA LOI NE NOUS PERMET PAS DE D\u00c9CLINER OU D\u2019EXCLURE DES GARANTIES. PAR CONS\u00c9QUENT, L\u2019EXCLUSION CI-DESSUS POURRAIT NE PAS S\u2019APPLIQUER \u00c0 VOUS.<\/p>\n<p>EN PLUS DE CE QUI PR\u00c9C\u00c8DE, VOUS (ET NON GREENLEAF) ASSUMEZ L\u2019INT\u00c9GRALIT\u00c9 DES CO\u00dbTS LI\u00c9S \u00c0 TOUT ENTRETIEN, \u00c0 TOUTE R\u00c9PARATION OU \u00c0 TOUTE CORRECTION N\u00c9CESSAIRE DE TOUT \u00c9QUIPEMENT, MAT\u00c9RIEL, LOGICIEL OU AUTRE \u00c9L\u00c9MENT REQUIS POUR UTILISER LE SITE OU CONSULTER LE CONTENU.<\/p>\n<p>Greenleaf n\u2019approuve, ne v\u00e9rifie, n\u2019\u00e9value et ne garantit pas les renseignements fournis par les utilisateurs, et rien ne doit \u00eatre consid\u00e9r\u00e9 comme une approbation, une v\u00e9rification ou une garantie de tout contenu de l\u2019utilisateur. Vous ne devez pas cr\u00e9er ou distribuer des renseignements, y compris, sans s\u2019y limiter, des publicit\u00e9s, des communiqu\u00e9s de presse ou tout autre mat\u00e9riel de marketing, ni inclure des liens vers des sites, qui contiennent ou laissent entendre une telle approbation par Greenleaf sans l\u2019examen pr\u00e9alable et l\u2019approbation \u00e9crite de Greenleaf.<\/p>\n<p>\u00a0<\/p>\n<p>Limitation de responsabilit\u00e9<\/p>\n<p>LE PR\u00c9SENT SITE EST FOURNI \u00ab\u00a0TEL QUEL, SOUS R\u00c9SERVE DE SA DISPONIBILIT\u00c9\u00a0\u00bb. AUCUNE GARANTIE, EXPLICITE OU IMPLICITE, Y COMPRIS, SANS S\u2019Y LIMITER, TOUTE GARANTIE DE QUALIT\u00c9 MARCHANDE OU D\u2019AD\u00c9QUATION \u00c0 UN USAGE PARTICULIER, N\u2019EST ACCORD\u00c9E \u00c0 L\u2019\u00c9GARD DU PR\u00c9SENT SITE OU DES RENSEIGNEMENTS OU DES LOGICIELS QU\u2019IL CONTIENT. GREENLEAF NE PEUT EN AUCUNE CIRCONSTANCE, Y COMPRIS EN CAS DE N\u00c9GLIGENCE, \u00caTRE TENUE RESPONSABLE DE DOMMAGES DIRECTS, INDIRECTS, ACCESSOIRES, PARTICULIERS, PUNITIFS OU CONS\u00c9CUTIFS D\u00c9COULANT DE L\u2019UTILISATION DU PR\u00c9SENT SITE OU DE L\u2019INCAPACIT\u00c9 DE L\u2019UTILISER, NI DE DOMMAGES DE QUELQUE NATURE QUE CE SOIT QUI D\u00c9COULENT D\u2019ERREURS, D\u2019OMISSIONS, D\u2019INTERRUPTIONS, DE LA SUPPRESSION DE FICHIERS, DE D\u00c9FAUTS, DE RETARDS D\u2019EX\u00c9CUTION OU DE TRANSMISSION OU DE TOUTE D\u00c9FAILLANCE CAUS\u00c9E OU NON PAR DES \u00c9V\u00c9NEMENTS IND\u00c9PENDANTS DE LA VOLONT\u00c9 RAISONNABLE DE GREENLEAF, Y COMPRIS, SANS S\u2019Y LIMITER, UNE CATASTROPHE NATURELLE, UNE PANNE DE R\u00c9SEAU DE COMMUNICATION, UN VOL, UNE DESTRUCTION OU UN ACC\u00c8S NON AUTORIS\u00c9 AUX DOCUMENTS, AUX PROGRAMMES OU AUX SERVICES QUI FIGURENT SUR LE PR\u00c9SENT SITE. GREENLEAF OU SES SOCI\u00c9T\u00c9S AFFILI\u00c9ES OU FILIALES, AINSI QUE LEURS ADMINISTRATEURS, DIRIGEANTS, EMPLOY\u00c9S OU MANDATAIRES, NE PEUVENT EN AUCUNE CIRCONSTANCE, Y COMPRIS, SANS S\u2019Y LIMITER, EN CAS DE N\u00c9GLIGENCE, \u00caTRE TENUES RESPONSABLES DE DOMMAGES DE QUELQUE NATURE QUE CE SOIT QUI D\u00c9COULENT DE L\u2019UTILISATION DU SITE OU DE L\u2019INCAPACIT\u00c9 DE L\u2019UTILISER, M\u00caME SI GREENLEAF A \u00c9T\u00c9 AVIS\u00c9E DE LA POSSIBILIT\u00c9 DE TELS DOMMAGES. CERTAINS TERRITOIRES NE PERMETTENT PAS LA LIMITATION OU L\u2019EXCLUSION DE LA RESPONSABILIT\u00c9 \u00c0 L\u2019\u00c9GARD DES DOMMAGES ACCESSOIRES OU CONS\u00c9CUTIFS; PAR CONS\u00c9QUENT, LA LIMITATION OU L\u2019EXCLUSION CI-DESSUS POURRAIT NE PAS S\u2019APPLIQUER \u00c0 VOUS. LA RESPONSABILIT\u00c9 GLOBALE DE GREENLEAF ENVERS VOUS EN CE QUI CONCERNE L\u2019ENSEMBLE DES PERTES, DES DOMMAGES OU DES CAUSES D\u2019ACTION, ENTRE AUTRES, NE PEUT \u00caTRE SUP\u00c9RIEURE AU MONTANT QUE VOUS AVEZ PAY\u00c9 POUR ACC\u00c9DER AU SITE.<\/p>\n<p>\u00a0<\/p>\n<p>Sites Web de tiers<\/p>\n<p>Le pr\u00e9sent site peut comporter des hyperliens vers des sites qui ne sont pas g\u00e9r\u00e9s par Greenleaf ou li\u00e9s \u00e0 celle-ci. Les hyperliens sont fournis \u00e0 titre de service aux utilisateurs et ne sont pas commandit\u00e9s par le pr\u00e9sent site ou par Greenleaf ni affili\u00e9s \u00e0 ceux-ci. Greenleaf n\u2019effectue aucune d\u00e9claration et n\u2019accorde aucune garantie concernant le contenu, l\u2019exhaustivit\u00e9 ou l\u2019exactitude de ces sites de tiers. Les renseignements que vous transmettez sur un site de tiers accessible \u00e0 partir du pr\u00e9sent site sont assujettis aux modalit\u00e9s de la politique de confidentialit\u00e9 du site en question. Greenleaf n\u2019exerce aucun contr\u00f4le sur la collecte, l\u2019utilisation ou le traitement de vos renseignements sur un site de tiers.<\/p>\n<p>\u00a0<\/p>\n<p>Divers<\/p>\n<p>Greenleaf et vous reconnaissez et convenez qu\u2019aucune soci\u00e9t\u00e9 de personnes n\u2019est constitu\u00e9e et que ni Greenleaf ni vous n\u2019avez le pouvoir ou l\u2019autorit\u00e9 d\u2019obliger ou de lier l\u2019autre partie.<\/p>\n<p>Les pr\u00e9sentes conditions sont r\u00e9gies par les lois de l\u2019\u00c9tat du Delaware, aux \u00c9tats-Unis, et sont assujetties \u00e0 l\u2019ensemble des lois et des r\u00e8glements, f\u00e9d\u00e9raux, \u00e9tatiques ou provinciaux et locaux. Toutes les questions concernant l\u2019interpr\u00e9tation, la validit\u00e9 et le caract\u00e8re ex\u00e9cutoire des pr\u00e9sentes conditions sont r\u00e9gies par les lois du Delaware, sans \u00e9gard aux r\u00e8gles relatives aux conflits de lois, et doivent \u00eatre interpr\u00e9t\u00e9es conform\u00e9ment \u00e0 celles-ci. Toute question ou proc\u00e9dure qui n\u2019est pas assujettie \u00e0 l\u2019arbitrage comme il est \u00e9nonc\u00e9 dans les pr\u00e9sentes ou qui vise l\u2019homologation d\u2019une sentence arbitrale doit avoir lieu dans l\u2019\u00c9tat du Delaware. En utilisant ce site, vous convenez par les pr\u00e9sentes que tous les diff\u00e9rends concernant les pr\u00e9sentes conditions sont assujettis \u00e0 la comp\u00e9tence des tribunaux situ\u00e9s au Delaware. Les pr\u00e9sentes conditions sont en vigueur dans la pleine mesure permise par la loi. VOUS CONVENEZ QUE, DANS LA MESURE PERMISE PAR LES LOIS APPLICABLES\u00a0: 1) LES DIFF\u00c9RENDS, LES R\u00c9CLAMATIONS ET LES CAUSES D\u2019ACTION D\u00c9COULANT DES SITES OU DE LA PR\u00c9SENTE ENTENTE OU S\u2019Y RAPPORTANT SONT R\u00c9SOLUS INDIVIDUELLEMENT AU MOYEN D\u2019UN ARBITRAGE EX\u00c9CUTOIRE COMME IL EST \u00c9NONC\u00c9 CI-DESSUS, SANS RECOURS \u00c0 TOUTE FORME D\u2019ACTION COLLECTIVE; 2) LES R\u00c9CLAMATIONS, LES JUGEMENTS ET LES SENTENCES SONT LIMIT\u00c9S AU MONTANT DES FRAIS R\u00c9ELS D\u00c9BOURS\u00c9S PAR LES TIERS (S\u2019IL Y A LIEU), MAIS LES HONORAIRES D\u2019AVOCAT NE PEUVENT EN AUCUN CAS \u00caTRE ATTRIBU\u00c9S OU R\u00c9CUP\u00c9R\u00c9S; 3) VOUS NE POUVEZ EN AUCUNE CIRCONSTANCE \u00caTRE AUTORIS\u00c9 \u00c0 OBTENIR UNE SOMME ATTRIBU\u00c9E POUR DES DOMMAGES PUNITIFS, ACCESSOIRES, CONS\u00c9CUTIFS OU PARTICULIERS, UNE PERTE DE PROFITS OU D\u2019AUTRES DOMMAGES, SAUF POUR LES FRAIS D\u00c9BOURS\u00c9S R\u00c9ELS, NI OBTENIR TOUT DROIT \u00c0 UNE MULTIPLICATION OU \u00c0 UNE AUTRE AUGMENTATION DES DOMMAGES, ET VOUS RENONCEZ SCIEMMENT ET EXPRESS\u00c9MENT PAR LES PR\u00c9SENTES \u00c0 TOUT DROIT DE CETTE NATURE; ET 4) VOS RECOURS SE LIMITENT \u00c0 UNE DEMANDE DE DOMMAGES-INT\u00c9R\u00caTS (S\u2019IL Y A LIEU), ET VOUS RENONCEZ IRR\u00c9VOCABLEMENT \u00c0 TOUT DROIT DE DEMANDER UNE INJONCTION OU UN REDRESSEMENT \u00c9QUITABLE. CERTAINS TERRITOIRES NE PERMETTENT PAS LA LIMITATION OU L\u2019EXCLUSION DE LA RESPONSABILIT\u00c9; PAR CONS\u00c9QUENT, LA DISPOSITION QUI PR\u00c9C\u00c8DE POURRAIT NE PAS S\u2019APPLIQUER \u00c0 VOUS.<\/p>\n<p>Dans certaines sections du site, vous pourriez \u00eatre en mesure de nous fournir des donn\u00e9es nominatives. Le pr\u00e9sent site ne cible pas particuli\u00e8rement les personnes mineures et ne vise nullement \u00e0 recueillir des renseignements personnels \u00e0 leur sujet. Veuillez lire notre\u00a0<a href=\"https:\/\/www.tysonfoods.com\/privacy-policy\"><strong>\u00c9nonc\u00e9 de confidentialit\u00e9<\/strong><\/a> <strong>et politique relative aux t\u00e9moins<\/strong> pour en savoir plus sur nos pratiques en mati\u00e8re de collecte et d\u2019utilisation des renseignements. Cette politique s\u2019applique aux renseignements que vous transmettez sur le pr\u00e9sent site, et vous acceptez par les pr\u00e9sentes ses modalit\u00e9s.<\/p>\n<p>Les logiciels et les autres \u00e9l\u00e9ments figurant sur le site peuvent \u00eatre assujettis aux lois relatives au contr\u00f4le des exportations aux \u00c9tats-Unis ou au Canada ou \u00e0 d\u2019autres lois applicables. Les lois relatives au contr\u00f4le des exportations interdisent l\u2019exportation de certains logiciels et donn\u00e9es techniques dans certains territoires. Aucun logiciel figurant sur le site ne peut \u00eatre t\u00e9l\u00e9charg\u00e9 ou export\u00e9 d\u2019une mani\u00e8re contraire \u00e0 ces lois. Greenleaf<sup>MD<\/sup> n\u2019autorise pas l\u2019exportation de logiciels ou de donn\u00e9es techniques du site vers un territoire interdit en vertu des lois relatives au contr\u00f4le des exportations en vigueur.<\/p>\n<p>Si Greenleaf ne donne pas suite \u00e0 un manquement de votre part ou de la part de toute autre personne \u00e0 une certaine occasion, Greenleaf ne renonce pas \u00e0 son droit de donner suite \u00e0 tout manquement ult\u00e9rieur ou semblable. Toute disposition des pr\u00e9sentes conditions qui est ill\u00e9gale, nulle ou inapplicable pour une raison quelconque est r\u00e9put\u00e9e dissociable des pr\u00e9sentes conditions d\u2019utilisation, sans porter atteinte \u00e0 la validit\u00e9 et au caract\u00e8re ex\u00e9cutoire des autres dispositions. Les pr\u00e9sentes conditions constituent une entente ex\u00e9cutoire entre vous et Greenleaf que vous acceptez lorsque vous utilisez le site. Les pr\u00e9sentes conditions constituent une entente ex\u00e9cutoire entre vous et Greenleaf concernant votre utilisation du site. En utilisant le site, vous d\u00e9clarez que vous avez la capacit\u00e9 de conclure une entente ex\u00e9cutoire et que vous convenez d\u2019\u00eatre li\u00e9 par les pr\u00e9sentes conditions.<\/p>\n<p><strong>\u00a0<\/strong><\/p><!-- AddThis Advanced Settings generic via filter on the_content --><!-- AddThis Share Buttons generic via filter on the_content -->","protected":false},"excerpt":{"rendered":"<p>Conditions g\u00e9n\u00e9rales Conditions d\u2019utilisation Les Aliments Greenleaf, EFS (\u00ab\u00a0Greenleaf\u00a0\u00bb) est le propri\u00e9taire des marques LightlifeMD et Field RoastMC. Le pr\u00e9sent site Web, y compris toutes ses fonctions (collectivement, le \u00ab\u00a0site\u00a0\u00bb), appartient \u00e0 Greenleaf, et votre utilisation du site est assujettie aux pr\u00e9sentes conditions d\u2019utilisation. Avant d\u2019utiliser ce site, veuillez lire attentivement les pr\u00e9sentes conditions d\u2019utilisation. [&hellip;]<!-- AddThis Advanced Settings generic via filter on get_the_excerpt --><!-- AddThis Share Buttons generic via filter on get_the_excerpt --><\/p>\n","protected":false},"author":55,"featured_media":0,"parent":0,"menu_order":0,"comment_status":"closed","ping_status":"closed","template":"","meta":{"inline_featured_image":false,"yasr_overall_rating":0,"yasr_post_is_review":"","yasr_auto_insert_disabled":"","yasr_review_type":""},"yasr_visitor_votes":{"stars_attributes":{"read_only":false,"span_bottom":false},"number_of_votes":0,"sum_votes":0},"acf":[],"_links":{"self":[{"href":"https:\/\/fieldroast.com\/fr-ca\/wp-json\/wp\/v2\/pages\/11102"}],"collection":[{"href":"https:\/\/fieldroast.com\/fr-ca\/wp-json\/wp\/v2\/pages"}],"about":[{"href":"https:\/\/fieldroast.com\/fr-ca\/wp-json\/wp\/v2\/types\/page"}],"author":[{"embeddable":true,"href":"https:\/\/fieldroast.com\/fr-ca\/wp-json\/wp\/v2\/users\/55"}],"replies":[{"embeddable":true,"href":"https:\/\/fieldroast.com\/fr-ca\/wp-json\/wp\/v2\/comments?post=11102"}],"version-history":[{"count":2,"href":"https:\/\/fieldroast.com\/fr-ca\/wp-json\/wp\/v2\/pages\/11102\/revisions"}],"predecessor-version":[{"id":14128,"href":"https:\/\/fieldroast.com\/fr-ca\/wp-json\/wp\/v2\/pages\/11102\/revisions\/14128"}],"wp:attachment":[{"href":"https:\/\/fieldroast.com\/fr-ca\/wp-json\/wp\/v2\/media?parent=11102"}],"curies":[{"name":"wp","href":"https:\/\/api.w.org\/{rel}","templated":true}]}}