{"id":11122,"date":"2014-09-18T20:18:11","date_gmt":"2014-09-18T20:18:11","guid":{"rendered":"http:\/\/fieldroast.com\/faq\/"},"modified":"2021-01-22T08:21:41","modified_gmt":"2021-01-22T16:21:41","slug":"faq","status":"publish","type":"page","link":"https:\/\/fieldroast.com\/fr-ca\/faq\/","title":{"rendered":"FAQ"},"content":{"rendered":"\n<h1 class=\"has-text-align-center wp-block-heading\">Foire aux questions<\/h1>\n\n\n\n<p class=\"has-text-align-center\">Vous trouverez ci-dessous les r\u00e9ponses aux questions les plus fr\u00e9quemment pos\u00e9es.<br>Vous avez besoin de plus d&#8217;informations? N&#8217;h\u00e9sitez pas \u00e0 <a href=\"https:\/\/fieldroast.com\/contact\/\">nous contacter<\/a>.<\/p>\n<!-- AddThis Advanced Settings generic via filter on the_content --><!-- AddThis Share Buttons generic via filter on the_content -->","protected":false},"excerpt":{"rendered":"<p>Foire aux questions Vous trouverez ci-dessous les r\u00e9ponses aux questions les plus fr\u00e9quemment pos\u00e9es.Vous avez besoin de plus d&#8217;informations? N&#8217;h\u00e9sitez pas \u00e0 nous contacter.<!-- AddThis Advanced Settings generic via filter on get_the_excerpt --><!-- AddThis Share Buttons generic via filter on get_the_excerpt --><\/p>\n","protected":false},"author":58,"featured_media":0,"parent":0,"menu_order":0,"comment_status":"closed","ping_status":"closed","template":"template-pages\/faq-page.php","meta":{"inline_featured_image":false,"yasr_overall_rating":0,"yasr_post_is_review":"","yasr_auto_insert_disabled":"","yasr_review_type":""},"yasr_visitor_votes":{"stars_attributes":{"read_only":false,"span_bottom":false},"number_of_votes":0,"sum_votes":0},"acf":[],"_links":{"self":[{"href":"https:\/\/fieldroast.com\/fr-ca\/wp-json\/wp\/v2\/pages\/11122"}],"collection":[{"href":"https:\/\/fieldroast.com\/fr-ca\/wp-json\/wp\/v2\/pages"}],"about":[{"href":"https:\/\/fieldroast.com\/fr-ca\/wp-json\/wp\/v2\/types\/page"}],"author":[{"embeddable":true,"href":"https:\/\/fieldroast.com\/fr-ca\/wp-json\/wp\/v2\/users\/58"}],"replies":[{"embeddable":true,"href":"https:\/\/fieldroast.com\/fr-ca\/wp-json\/wp\/v2\/comments?post=11122"}],"version-history":[{"count":6,"href":"https:\/\/fieldroast.com\/fr-ca\/wp-json\/wp\/v2\/pages\/11122\/revisions"}],"predecessor-version":[{"id":11322,"href":"https:\/\/fieldroast.com\/fr-ca\/wp-json\/wp\/v2\/pages\/11122\/revisions\/11322"}],"wp:attachment":[{"href":"https:\/\/fieldroast.com\/fr-ca\/wp-json\/wp\/v2\/media?parent=11122"}],"curies":[{"name":"wp","href":"https:\/\/api.w.org\/{rel}","templated":true}]}}