{"id":14566,"date":"2024-01-18T10:35:10","date_gmt":"2024-01-18T16:35:10","guid":{"rendered":"https:\/\/fieldroast.com\/new-home-page\/"},"modified":"2025-10-07T08:09:20","modified_gmt":"2025-10-07T13:09:20","slug":"new-home-page","status":"publish","type":"page","link":"https:\/\/fieldroast.com\/fr-ca\/","title":{"rendered":"New Home Page"},"content":{"rendered":"\n\n\t<div class=\"item\">\n\n\t\t\t\t<div class=\"theme-inner-banner full alignfull\">\n\t\t\t\t\t<div class=\"opacity\">\n\t\t\t\t\t\t<div class=\"container w70\">\n\t\t\t\t\t\t\t<div class=\"text-left col-sm-5\">\n\t\t\t\t\t\t\t\t\t\t\t\t\t\t\t\t<h1>D\u00c9COUVREZ UN MONDE DE SAVEURS<\/h1>\n\t\t\t\t\t\t\t\t<h4><\/h4>\n\t\t\t\t\t\t\t\t\t\t\t\t\t\t\t\t\t<p><a href=\"https:\/\/fieldroast.com\/fr-ca\/products\/\" class=\"btn homepageBannerButton\">D\u00e9couvrez la suite<\/a><\/p>\n\t\t\t\t\t\t\t\t\t\t\t\t\t\t\t\t\t\t\t\t\t\t\t\t\t\t\t\t\t\t\t<\/div>\n\t\t\t\t\t\t<\/div> <!-- \/.container -->\n\t\t\t\t\t<\/div> <!-- \/.opacity -->\n\t\t\t<\/div>\n\t\t\t<style>\n\t.theme-inner-banner{\n\t\tbackground-image: url(https:\/\/fieldroast.com\/wp-content\/uploads\/2025\/10\/Landing-Page.jpg);\n\t}\n\t.homepageBannerButton {\n\t    cursor: pointer;\n\t    background: #ffffff;\n\t    color: #000000;\n\t    padding: 8px 20px;\n        border-radius: 25px;\n        font-size: 18px;\n        font-weight: 900;\n\t    :hover {\n\t        background: #000000;\n\t        color: #ffffff;\n\t    }\n\t}\n\t@media screen and (max-width: 767px){\n\t\t.theme-inner-banner{\n\t\tbackground-image: url(https:\/\/fieldroast.com\/wp-content\/uploads\/2025\/10\/Landing-Page.jpg);\n\t\t}\n\t}\n\t<\/style>\n<\/div><!-- \/item -->\n\n\n<div class=\"wp-news-header container w75\">\r\n    <h2>Quoi de neuf<\/h2>\r\n<\/div>\r\n<div id=\"news\" class=\"wp-block-columns container\">\r\n\r\n    \r\n            <div class=\"wp-block-column home-news-grid\">\r\n    \r\n    \r\n    \r\n            <div class=\"home-news-cell-full lazyload\" style=\"background-image:inherit\" data-bg-image=\"url(https:\/\/fieldroast.com\/wp-content\/uploads\/2022\/04\/ChaoQueso-press-release.jpg)\">\r\n            <div>\r\n                <h2>FIELD ROAST REVUE LA CAT\u00c9GORIE DES FROMAGES \u00c0 BASE DE PLANTES AVEC LE NOUVEAU QUESO \u00c0 LA CR\u00c8ME DU CHAO<\/h4>\r\n                <p>Le Queso de style Cantina du fabricant du produit fromager \u00e0 base de plantes le plus vendu fait ses d\u00e9buts chez Sprouts \u00e0 l&#8217;\u00e9chelle nationale et chez d&#8217;autres d\u00e9taillants r\u00e9gionaux.<\/p>\r\n                <a href=\"https:\/\/fieldroast.com\/press-release\/field-roast-stirs-up-plant-based-cheese-category-with-new-chao-creamery-queso\/\" class=\"btn arrow\" >En savoir plus<\/a>\r\n            <\/div>\r\n        <\/div>\r\n        \r\n    \r\n\r\n            <\/div>\r\n    \r\n                    \r\n            <div class=\"wp-block-column home-news-grid\">\r\n    \r\n    \r\n    \r\n            <div class=\"home-news-cell-full lazyload\" style=\"background-image:inherit\" data-bg-image=\"url(https:\/\/fieldroast.com\/wp-content\/uploads\/2022\/01\/MicrosoftTeams-image__1___1_.jpg)\">\r\n            <div>\r\n                <h2>CES RESTAURANTS ONT UN GRAND GO\u00dbT<\/h4>\r\n                <p>Vous pouvez d\u00e9sormais combler vos envies de pepperoni \u00e0 base de plantes et de Signature Stadium Dogs dans des endroits comme Donatos et Wienerschnitzel.<\/p>\r\n                <a href=\"https:\/\/fieldroast.com\/press-releases\/\" class=\"btn arrow\" target=\"blank\">En savoir plus<\/a>\r\n            <\/div>\r\n        <\/div>\r\n        \r\n    \r\n\r\n            <\/div>\r\n    \r\n                    \r\n            <div class=\"wp-block-column home-news-grid home-news-col\">\r\n    \r\n    \r\n    \r\n            <div class=\"home-news-cell-half\"><img decoding=\"async\" data-src=\"https:\/\/fieldroast.com\/wp-content\/uploads\/2022\/04\/plant-based-.jpg\" alt=\"plant based pizza\" src=\"data:image\/gif;base64,R0lGODlhAQABAAAAACH5BAEKAAEALAAAAAABAAEAAAICTAEAOw==\" class=\"lazyload\" style=\"--smush-placeholder-width: 1200px; --smush-placeholder-aspect-ratio: 1200\/629;\" \/><noscript><img decoding=\"async\" src=\"https:\/\/fieldroast.com\/wp-content\/uploads\/2022\/04\/plant-based-.jpg\" alt=\"plant based pizza\"\/><\/noscript><h3>PEPPERONI &#038; CHAO SHREDS \u00c0 BASE DE PLANTES MAINTENANT CHEZ WHOLE FOODS MARKET<\/h3><a href=\"https:\/\/fieldroast.com\/where-to-buy\/\" class=\"btn arrow\" >En savoir plus<\/a><\/div>        \r\n    \r\n\r\n    \r\n                    \r\n    \r\n    \r\n    \r\n            <div class=\"home-news-cell-half\"><img decoding=\"async\" data-src=\"https:\/\/fieldroast.com\/wp-content\/uploads\/2024\/06\/FieldBurgerCA.png\" alt=\"Field Burger \/ Burger de Campagne\" src=\"data:image\/gif;base64,R0lGODlhAQABAAAAACH5BAEKAAEALAAAAAABAAEAAAICTAEAOw==\" class=\"lazyload\" style=\"--smush-placeholder-width: 1000px; --smush-placeholder-aspect-ratio: 1000\/680;\" \/><noscript><img decoding=\"async\" src=\"https:\/\/fieldroast.com\/wp-content\/uploads\/2024\/06\/FieldBurgerCA.png\" alt=\"Field Burger \/ Burger de Campagne\"\/><\/noscript><h3>SAVOUREZ NOTRE D\u00c9LICIEUSE BURGER DE CAMPAGNE AUX CHAMPIGNONS, \u00c0 L&#8217;AIL R\u00d4TI ET \u00c0 L&#8217;OIGNON, MAINTENANT EN PAQUET DE 2.<\/h3><a href=\"https:\/\/fieldroast.com\/fr-ca\/product\/fieldburger\/\" class=\"btn arrow\" >En savoir plus<\/a><\/div>        \r\n    \r\n\r\n            <\/div>\r\n    \r\n                        <\/div>\r\n\r\n    <!-- <div class=\"wp-block-column home-news-grid\" style=\"flex-basis:38%\">\r\n    thhere\r\n    <\/div>\r\n    <div class=\"wp-block-column home-news-grid\" style=\"flex-basis:25%\">\r\n    asdlkf\r\n    <\/div> -->\n\n\n<div id=\"products\" class=\"wp-block-group container w75 is-layout-flow\"><div class=\"wp-block-group__inner-container\">\n<h2>QUELLE SAVEUR RECHERCHEZ-VOUS?<\/h2>\n<p>Nous avons mis les bouch\u00e9es doubles avec nos saveurs. D\u00e9couvrez nos audacieuses cr\u00e9ations \u00e0 base de plantes.<\/p>\n\n\n<div class=\"product_family_listing\"><a href=\"products\/#dogs-fr-ca\"><div style=\"background-image:inherit\" class=\"d-none d-md-block lazyload\" data-bg-image=\"url(https:\/\/fieldroast.com\/wp-content\/uploads\/2024\/03\/Stadium-Dogs-Front-CDN.png)\"><\/div><span>Dogs<\/span><\/a><a href=\"products\/#effilochee\"><div style=\"background-image:url()\" class=\"d-none d-md-block\"><\/div><span>Effiloch\u00e9e<\/span><\/a><a href=\"products\/#field-burger-fr-ca\"><div style=\"background-image:inherit\" class=\"d-none d-md-block lazyload\" data-bg-image=\"url(https:\/\/fieldroast.com\/wp-content\/uploads\/2014\/03\/Product_Burgers_ChefsSignature_CA_Front.png)\"><\/div><span>Burgers<\/span><\/a><a href=\"products\/#sausages-fr-ca\"><div style=\"background-image:inherit\" class=\"d-none d-md-block lazyload\" data-bg-image=\"url(https:\/\/fieldroast.com\/wp-content\/uploads\/2021\/01\/Product_Sausage_SmokedAppleSage_CA_Front.png)\"><\/div><span>Saucisses<\/span><\/a><a href=\"products\/#chao-slices-fr-ca\"><div style=\"background-image:inherit\" class=\"d-none d-md-block lazyload\" data-bg-image=\"url(https:\/\/fieldroast.com\/wp-content\/uploads\/2024\/03\/Creamy-Original-Chao-Slices-CND.png)\"><\/div><span>Chao en tranches<\/span><\/a><a href=\"products\/#deli-slices-fr-ca\"><div style=\"background-image:inherit\" class=\"d-none d-md-block lazyload\" data-bg-image=\"url(https:\/\/fieldroast.com\/wp-content\/uploads\/2025\/10\/Classic-Pizzeria-smoky-tomato.png)\"><\/div><span>Charcuterie en tranches<\/span><\/a><a href=\"products\/#dejeuner-fr-ca\"><div style=\"background-image:inherit\" class=\"d-none d-md-block lazyload\" data-bg-image=\"url(https:\/\/fieldroast.com\/wp-content\/uploads\/2025\/10\/apple-maple-CAD-packshot.png)\"><\/div><span>D\u00e9jeuner<\/span><\/a><\/div>\n<\/div><\/div>\n\n\n\n<div class=\"wp-block-columns container is-layout-flex wp-container-4\" id=\"recipes\">\n<div class=\"wp-block-column squared is-layout-flow\" style=\"flex-basis:37.5%\"><section class=\"goldyblock fullheight fullheight\">\r\n    <h2>\u00c9LABOR\u00c9ES PAR DES CHEFS PASSIONN\u00c9S<\/h2>\r\n    <div class=\"goldyblock-body\">Pr\u00eat \u00e0 vous lancer dans une aventure culinaire? Nos recettes follement gourmandes et d\u00e9licieuses sont \u00e9labor\u00e9es par des chefs obs\u00e9d\u00e9s par les saveurs. Explorez-les pour d\u00e9couvrir toutes les saveurs.<\/div>\r\n            <a href=\"https:\/\/fieldroast.com\/fr-ca\/recipes\/\" class=\"goldyblock-cta tran3s\"aria-label=\"VOIR PLUS DE RECETTES\">VOIR PLUS DE RECETTES<\/a>\r\n    <\/section><\/div>\n\n\n\n<div class=\"wp-block-column recipe-split-column is-layout-flow\"><!-- <div class=\"wp-block-column\" style=\"flex-basis:38%\"> -->\n<div class=\"featured-recipe__image lazyload\" style=\"background-image:inherit\" title=\"\" data-bg-image=\"url(https:\/\/fieldroast.com\/wp-content\/uploads\/2020\/11\/Recipe_Hero_Burger_Square.jpg)\">\n<a href=\"https:\/\/fieldroast.com\/fr-ca\/recipes\/spicy-chefs-signature-plant-based-burger-with-slaw-and-aioli\/\">Burger \u00e0 base de plantes Signature du Chef avec salade de chou rouge et a\u00efoli au chipotle<\/a>\n<\/div>\n\n<\/div>\n<div class=\"wp-block-column home-recipe-grid d-md-none d-lg-flex\" style=\"flex-basis:25%\">\n<div class=\"recipe__image lazyload\" style=\"background-image:inherit\" title=\"\" data-bg-image=\"url(https:\/\/fieldroast.com\/wp-content\/uploads\/2020\/11\/Recipe_Hero_SpicyMexChipotle.jpg)\">\n<a href=\"https:\/\/fieldroast.com\/fr-ca\/recipes\/spicy-chipotle-burrito-bowls-with-sweet-potato-and-honey-lime-dressing\/\">Bols de burrito au chipotle piquant avec patate douce et vinaigrette au miel et \u00e0 la lime<\/a>\n<\/div>\n  <div class=\"recipe__image\" style=\"background-image:url()\" title=\"\">\n<a href=\"https:\/\/fieldroast.com\/fr-ca\/recipes\/spicy-smoked-apple-sage-sausages-with-roasted-vegetables\/\">Saucisses fum\u00e9es aux pommes et \u00e0 la sauge avec l\u00e9gumes grill\u00e9s piquants<\/a>\n<\/div>\n  <div class=\"recipe__image\" style=\"background-image:url()\" title=\"\">\n<a href=\"https:\/\/fieldroast.com\/fr-ca\/recipes\/farce-aux-pleurotes-fumes-et-au-fromage\/\">Farce Aux Pleurotes Fum\u00e9s Et Au Fromage<\/a>\n<\/div>\n   \n<!-- <\/div> -->\n\n\n<a href=\"\/fr-ca\/recipes\/\" class=\"d-sm-none goldyblock-link\">See More Recipes<\/a>\n<\/div>\n<\/div>\n\n\n\n<div class=\"wp-block-columns container d-none is-layout-flex wp-container-7\">\n<div class=\"wp-block-column is-layout-flow\" style=\"flex-basis:62.5%\">\n<figure class=\"wp-block-embed is-type-video is-provider-youtube wp-block-embed-youtube wp-embed-aspect-16-9 wp-has-aspect-ratio\"><div class=\"wp-block-embed__wrapper\">\n<iframe loading=\"lazy\" title=\"Welcome to Field Roast\" width=\"640\" height=\"360\" data-src=\"https:\/\/www.youtube.com\/embed\/JxOMRHT1ZRY?feature=oembed\" frameborder=\"0\" allow=\"accelerometer; autoplay; clipboard-write; encrypted-media; gyroscope; picture-in-picture; web-share\" allowfullscreen src=\"data:image\/gif;base64,R0lGODlhAQABAAAAACH5BAEKAAEALAAAAAABAAEAAAICTAEAOw==\" class=\"lazyload\" data-load-mode=\"1\"><\/iframe>\n<\/div><\/figure>\n<\/div>\n\n\n\n<div class=\"wp-block-column squared is-layout-flow\" style=\"flex-basis:37.5%\"><section class=\"goldyblock fullheight fullheight\">\r\n    <h2>SOME REBELS<br>GO WITH THE GRAIN<\/h2>\r\n    <div class=\"goldyblock-body\">Lorem ipsum dolor sit amet, consectetur adipiscing elit. Aenean id maximus nulla. Nunc at mollis odio. Aliquam elementum nisi sed velit pretium convallis.<\/div>\r\n            <a href=\"http:\/\/fieldroast.com\/carbonneutral\/\" class=\"goldyblock-cta tran3s\"aria-label=\"LEARN MORE\">LEARN MORE<\/a>\r\n    <\/section><\/div>\n<\/div>\n\n\n\n<div id=\"storelocator\" class=\"wp-block-group container is-layout-flow\"><div class=\"wp-block-group__inner-container\">\n<h2>TROUVER NOS PRODUITS<\/h2>\n<p>Si proche que vous pouvez presque y go\u00fbter.<\/p>\n\n\n\r\n            <!-- \r\n\t\t\t=============================================\r\n\t\t\t\tWHERE TO BUY FILTER\r\n\t\t\t============================================== \r\n\t\t\t-->\r\n\t\t\t<div class=\"goldyblock wheretobuy container\">\r\n\t        \t\t\t<ul class=\"goldyblock-tab\">\r\n\t\t\t\t\t\t\t<li class=\"filter tran3s active\" data-filter=\".instore\">Trouvez en magasin<\/li>\r\n\t\t\t\t\t\t\t<li class=\"filter tran3s\" data-filter=\".online\">Trouvez en ligne<\/li>\r\n\t        \t\t\t<\/ul>\r\n\t\t\t\t<div class=\"container wheretobuy-list\">\r\n\t\t\t\t\t<div class=\"row\">\r\n                            \t\t\t\t\t\t   \r\n\r\n\r\n                        <div class=\"col-sm-3 col-6 instore  \">\r\n\t\t\t\t\t\t\t\t<div class=\"online-retailer\">\r\n\t\t\t\t\t\t\t\t\t<div class=\"image-box\">\r\n                                    <img width=\"1\" height=\"1\" data-src=\"https:\/\/fieldroast.com\/wp-content\/uploads\/2020\/10\/Logo_Metro.svg\" class=\"product-image wp-post-image lazyload\" alt=\"\" decoding=\"async\" loading=\"lazy\" src=\"data:image\/gif;base64,R0lGODlhAQABAAAAACH5BAEKAAEALAAAAAABAAEAAAICTAEAOw==\" style=\"--smush-placeholder-width: 1px; --smush-placeholder-aspect-ratio: 1\/1;\" \/><noscript><img width=\"1\" height=\"1\" src=\"https:\/\/fieldroast.com\/wp-content\/uploads\/2020\/10\/Logo_Metro.svg\" class=\"product-image wp-post-image\" alt=\"\" decoding=\"async\" loading=\"lazy\" \/><\/noscript>\t\t\t\t\t\t\t\t\t<\/div>\r\n\t\t\t\t\t\t\t\t\t\t\t\t\t\t\t\t\t<\/div>\r\n\t\t\t\t\t\t\t<\/div> \r\n\t\t\t\t\t\t   \r\n\r\n\r\n                        <div class=\"col-md-4 col-6 online  \">\r\n\t\t\t\t\t\t\t\t<div class=\"online-retailer\">\r\n\t\t\t\t\t\t\t\t\t<div class=\"image-box\">\r\n                                    <img width=\"1\" height=\"1\" data-src=\"https:\/\/fieldroast.com\/wp-content\/uploads\/2013\/09\/logo_VeganEssentials.svg\" class=\"product-image wp-post-image lazyload\" alt=\"\" decoding=\"async\" loading=\"lazy\" src=\"data:image\/gif;base64,R0lGODlhAQABAAAAACH5BAEKAAEALAAAAAABAAEAAAICTAEAOw==\" style=\"--smush-placeholder-width: 1px; --smush-placeholder-aspect-ratio: 1\/1;\" \/><noscript><img width=\"1\" height=\"1\" src=\"https:\/\/fieldroast.com\/wp-content\/uploads\/2013\/09\/logo_VeganEssentials.svg\" class=\"product-image wp-post-image\" alt=\"\" decoding=\"async\" loading=\"lazy\" \/><\/noscript>\t\t\t\t\t\t\t\t\t<\/div>\r\n\t\t\t\t\t\t\t\t\t\t\t\t\t\t\t\t\t\t<!--div class=\"text\">\r\n\t\t\t\t\t\t\t\t\t\t<h5><a href=\"https:\/\/fieldroast.com\/fr-ca\/fieldroast_retailer\/vegan-essentials\/\"  target=\"_blank\" class=\"tran3s\">Vegan Essentials<\/a><\/h5>\r\n\t\t\t\t\t\t\t\t\t\t<p><\/p>\r\n\t\t\t\t\t\t\t\t\t<\/div-->\r\n\t\t\t\t\t\t\t\t\t<div class=\"text\">\r\n\t\t\t\t\t\t\t\t\t\t<p>Delivers nationally and internationally.<\/p>\n<!-- AddThis Advanced Settings generic via filter on the_content --><!-- AddThis Share Buttons generic via filter on the_content -->\t\t\t\t\t\t\t\t\t<\/div>\r\n\t\t\t\t\t\t\t\t\t<a href=\"https:\/\/store.veganessentials.com\" target=\"_blank\" class=\"btn link\">Magasinez<\/a>\r\n\t\t\t\t\t\t\t\t\t\t\t\t\t\t\t\t\t<\/div>\r\n\t\t\t\t\t\t\t<\/div> \r\n\r\n\t\t\t\t\t\t\r\n\t\t\t\t\t<\/div> <!-- \/.row -->\r\n\t\t\t\t<\/div> <!-- \/.container -->\r\n\t\t\t\t<div class=\"goldyblock-cta zip-entry\">\r\n\t\t\t\t\t<input type=\"text\" placeholder=\"Indiquer un code postal\">\r\n\t\t\t\t<\/div>\r\n\t\t\t<\/div> <!-- \/.goldyblock -->\r\n\r\n\r\n<\/div><\/div>\n\n\n\n\n\n<div class=\"wp-block-columns container is-layout-flex wp-container-11\">\n<div class=\"wp-block-column squared is-layout-flow\" style=\"flex-basis:37.5%\"><section class=\"goldyblock fullheight fullheight\">\r\n    <h2>SUIVEZ-NOUS POUR VOUS FAIRE PLAISIR, ENSEMBLE<\/h2>\r\n    <div class=\"goldyblock-body\">Explorez nos recettes all\u00e9chantes et taggez @FieldRoast pour partager vos cr\u00e9ations \u00e0 base de plantes.<\/div>\r\n            <a href=\"https:\/\/www.instagram.com\/fieldroast\" class=\"goldyblock-cta tran3s\"aria-label=\"SUIVEZ-NOUS\">SUIVEZ-NOUS<\/a>\r\n    <\/section><\/div>\n\n\n\n<div class=\"wp-block-column is-layout-flow\" style=\"flex-basis:62.5%\">\r\n<div id=\"sb_instagram\" class=\"sbi  sbi_mob_col_2 sbi_col_4  sbi_width_resp\" style=\"width: 100%;\" data-feedid=\"sbi_4308859615799336#12\" data-res=\"auto\" data-cols=\"4\" data-colsmobile=\"2\" data-num=\"12\" data-nummobile=\"6\" data-shortcode-atts=\"{}\"  data-options=\"{&quot;carousel&quot;:[true,false,false,false,false,2],&quot;avatars&quot;:{&quot;fieldroast&quot;:&quot;&quot;,&quot;LCLfieldroast&quot;:0},&quot;colsmobile&quot;:2,&quot;captionsize&quot;:13,&quot;captionlength&quot;:50}\">\r\n\t\r\n    <div id=\"sbi_images\" >\r\n\t\t    <\/div>\r\n\r\n\t<div id=\"sbi_load\">\r\n\r\n\t\r\n\t\r\n<\/div>\r\n\t    <span class=\"sbi_resized_image_data\" data-feed-id=\"sbi_4308859615799336#12\" data-resized=\"[]\">\r\n\t<\/span>\r\n\t        <div id=\"sbi_mod_error\">\r\n            <span>This error message is only visible to WordPress admins<\/span><br \/>\r\n        <p><b>No posts found.<\/b><p>Make sure this account has posts available on instagram.com.<\/p>        <\/div>\r\n        \r\n<\/div>\r\n\r\n\n\n\n\n<a href=\"https:\/\/www.instagram.com\/fieldroast\" target=\"_blank\" class=\"d-sm-none goldyblock-link\" rel=\"noopener\">Follow Us<\/a>\n<\/div>\n<\/div>\n\n\n\n<div id=\"mailinglist\" class=\"wp-block-group container w75 is-layout-flow\"><div class=\"wp-block-group__inner-container\">\n<h2 class=\"wp-block-heading\">D\u00c9LICIEUX COURRIEL<\/h2>\n\n\n\n<p>Recevez des courriels pleins de saveurs avec de nouveaux produits, de d\u00e9licieuses recettes, des promotions exclusives, et bien plus encore.<\/p>\n\n\n\n<form id=\"mc-embedded-subscribe-form\" class=\"validate\" action=\"\/\/fieldroast.us12.list-manage.com\/subscribe\/post?u=1c3f53a9748e45e0f0ab531ae&amp;id=25ab50058f\" method=\"post\" name=\"mc-embedded-subscribe-form\" novalidate=\"\" target=\"_blank\">\n<div class=\"container mailchimp-form\">\n<div class=\"row\">\n<div class=\"col-md-6 col-lg-3 col-12\"><input id=\"mce-FNAME\" class=\"required mailing-list__firstname fname\" name=\"FNAME\" type=\"text\" value=\"\" placeholder=\"Pr\u00e9nom*\"><\/div>\n<div class=\"col-md-6 col-lg-3 col-12\"><input id=\"mce-LNAME\" class=\"required mailing-list__lastname lname\" name=\"LNAME\" type=\"text\" value=\"\" placeholder=\"Nom*\"><\/div>\n<div class=\"col-lg-6 col-12\"><input id=\"mce-EMAIL\" class=\"required mailing-list__email email\" name=\"EMAIL\" type=\"email\" value=\"\" placeholder=\"Adresse de courrier \u00e9lectronique*\"><\/div>\n<div style=\"position: absolute; left: -5000px;\" aria-hidden=\"true\"><input tabindex=\"-1\" name=\"b_1c3f53a9748e45e0f0ab531ae_25ab50058f\" type=\"text\" value=\"\" placeholder=\"Adresse de courrier \u00e9lectronique\"><\/div>\n<\/div>\n<div class=\"row row-2\">\n<div class=\"col-sm-9 has-text-align-left\">\n<input type=\"checkbox\" id=\"optin\" name=\"optin\" class=\"required\"><label for=\"optin\">Je consens \u00e0 recevoir des communications de Field Roast. Voir <a href=\"\/fr-ca\/terms-and-conditions\/\" target=\"_blank\" rel=\"noopener\">les modalit\u00e9s compl\u00e8tes.<\/a><\/label>\n<\/div>\n<div class=\"col-sm-3 has-text-align-right\">\n<a href=\"#\" class=\"mailing-list__submit btn arrow\" name=\"mc-subscribe\" id=\"mc-subscribe\">SOUMETTRE<\/a>\n<input name=\"subscribe\" type=\"submit\" value=\"SUBMIT\">\n<\/div>\n<div id=\"mce-responses\" class=\"clear col-12 text-center\">\n<div id=\"mce-error-response\" class=\"response\" style=\"display: none;\">&nbsp;<\/div>\n<div id=\"mce-success-response\" class=\"response\" style=\"display: none;\">&nbsp;<\/div>\n<\/div>\n<\/div>\n<\/div>\n<\/form>\n<p><script type=\"text\/javascript\" src=\"\/\/s3.amazonaws.com\/downloads.mailchimp.com\/js\/mc-validate.js\"><\/script><script type=\"text\/javascript\">(function($) {window.fnames = new Array(); window.ftypes = new Array();fnames[0]='EMAIL';ftypes[0]='email';fnames[1]='FNAME';ftypes[1]='text';fnames[2]='LNAME';ftypes[2]='text';}(jQuery));var $mcj = jQuery.noConflict(true);<\/script><br><!--End mc_embed_signup--><\/p>\n<\/div><\/div>\n\n\n\n<p><\/p>\n","protected":false},"excerpt":{"rendered":"<p>QUELLE SAVEUR RECHERCHEZ-VOUS? Nous avons mis les bouch\u00e9es doubles avec nos saveurs. D\u00e9couvrez nos audacieuses cr\u00e9ations \u00e0 base de plantes. See More Recipes TROUVER NOS PRODUITS Si proche que vous pouvez presque y go\u00fbter. Follow Us D\u00c9LICIEUX COURRIEL Recevez des courriels pleins de saveurs avec de nouveaux produits, de d\u00e9licieuses recettes, des promotions exclusives, et [&hellip;]<!-- AddThis Advanced Settings generic via filter on get_the_excerpt --><!-- AddThis Share Buttons generic via filter on get_the_excerpt --><\/p>\n","protected":false},"author":61,"featured_media":0,"parent":0,"menu_order":0,"comment_status":"closed","ping_status":"closed","template":"template-pages\/no-bootstrap-page.php","meta":{"inline_featured_image":false,"yasr_overall_rating":0,"yasr_post_is_review":"","yasr_auto_insert_disabled":"","yasr_review_type":""},"yasr_visitor_votes":{"stars_attributes":{"read_only":false,"span_bottom":false},"number_of_votes":0,"sum_votes":0},"acf":[],"_links":{"self":[{"href":"https:\/\/fieldroast.com\/fr-ca\/wp-json\/wp\/v2\/pages\/14566"}],"collection":[{"href":"https:\/\/fieldroast.com\/fr-ca\/wp-json\/wp\/v2\/pages"}],"about":[{"href":"https:\/\/fieldroast.com\/fr-ca\/wp-json\/wp\/v2\/types\/page"}],"author":[{"embeddable":true,"href":"https:\/\/fieldroast.com\/fr-ca\/wp-json\/wp\/v2\/users\/61"}],"replies":[{"embeddable":true,"href":"https:\/\/fieldroast.com\/fr-ca\/wp-json\/wp\/v2\/comments?post=14566"}],"version-history":[{"count":77,"href":"https:\/\/fieldroast.com\/fr-ca\/wp-json\/wp\/v2\/pages\/14566\/revisions"}],"predecessor-version":[{"id":15460,"href":"https:\/\/fieldroast.com\/fr-ca\/wp-json\/wp\/v2\/pages\/14566\/revisions\/15460"}],"wp:attachment":[{"href":"https:\/\/fieldroast.com\/fr-ca\/wp-json\/wp\/v2\/media?parent=14566"}],"curies":[{"name":"wp","href":"https:\/\/api.w.org\/{rel}","templated":true}]}}